{"id":10,"date":"2018-07-19T16:11:42","date_gmt":"2018-07-19T16:11:42","guid":{"rendered":"https:\/\/pysimetsayhistu.ee\/?page_id=10"},"modified":"2020-06-22T11:58:46","modified_gmt":"2020-06-22T08:58:46","slug":"vaartusplatvorm","status":"publish","type":"page","link":"https:\/\/pysimetsayhistu.ee\/?page_id=10","title":{"rendered":"Alusv\u00e4\u00e4rtused"},"content":{"rendered":"\t\t<div data-elementor-type=\"wp-post\" data-elementor-id=\"10\" class=\"elementor elementor-10\">\n\t\t\t\t\t\t<section class=\"elementor-section elementor-top-section elementor-element elementor-element-bf3d0b9 elementor-section-stretched elementor-section-boxed elementor-section-height-default elementor-section-height-default\" data-id=\"bf3d0b9\" data-element_type=\"section\" data-settings=\"{&quot;stretch_section&quot;:&quot;section-stretched&quot;}\">\n\t\t\t\t\t\t<div class=\"elementor-container elementor-column-gap-no\">\n\t\t\t\t\t<div class=\"elementor-column elementor-col-100 elementor-top-column elementor-element elementor-element-540eef7\" data-id=\"540eef7\" data-element_type=\"column\">\n\t\t\t<div class=\"elementor-widget-wrap elementor-element-populated\">\n\t\t\t\t\t\t<div class=\"elementor-element elementor-element-d124188 elementor-widget elementor-widget-text-editor\" data-id=\"d124188\" data-element_type=\"widget\" data-widget_type=\"text-editor.default\">\n\t\t\t\t<div class=\"elementor-widget-container\">\n\t\t\t\t\t\t\t\t\t<p>Eesti metsade ja sealse elurikkuse s\u00e4ilitamiseks ja suurendamiseks tegutseb arvukalt inimesi ja organisatsioone, sh loodusteadlased, kodutalud, \u00f6kokogukonnad,\u00a0 vaba\u00fchendused ja paljud teised. Tegevuste koosk\u00f5lastamiseks ja t\u00f5husamaks koordineerimiseks on oluline aga \u00fchine elav v\u00e4\u00e4rtusplatvorm.<\/p><p>J\u00e4rgnevad Eesti metsa alusv\u00e4\u00e4rtused on loodud koost\u00f6\u00f6s eri valdkondades tegutsevatest Eesti metsade p\u00fcsimisest hoolivatest inimestest. Antud v\u00e4\u00e4rtused on integreeritud ka Eesti P\u00fcsimetsa\u00fchistu tegutsemise ja p\u00f5hikirja lahutamatuks osaks: p\u00f5him\u00f5teteks, millest \u00fchistu oma tegevuses l\u00e4htub.<\/p>\t\t\t\t\t\t\t\t<\/div>\n\t\t\t\t<\/div>\n\t\t\t\t\t<\/div>\n\t\t<\/div>\n\t\t\t\t\t<\/div>\n\t\t<\/section>\n\t\t\t\t<section class=\"elementor-section elementor-top-section elementor-element elementor-element-f59b568 elementor-section-stretched elementor-section-boxed elementor-section-height-default elementor-section-height-default\" data-id=\"f59b568\" data-element_type=\"section\" data-settings=\"{&quot;stretch_section&quot;:&quot;section-stretched&quot;}\">\n\t\t\t\t\t\t<div class=\"elementor-container elementor-column-gap-default\">\n\t\t\t\t\t<div class=\"elementor-column elementor-col-100 elementor-top-column elementor-element elementor-element-9493700\" data-id=\"9493700\" data-element_type=\"column\">\n\t\t\t<div class=\"elementor-widget-wrap elementor-element-populated\">\n\t\t\t\t\t\t<div class=\"elementor-element elementor-element-c575e5a elementor-widget elementor-widget-text-editor\" data-id=\"c575e5a\" data-element_type=\"widget\" data-widget_type=\"text-editor.default\">\n\t\t\t\t<div class=\"elementor-widget-container\">\n\t\t\t\t\t\t\t\t\t<h4 class=\"elementor-heading-title elementor-size-default elementor-inline-editing pen\" contenteditable=\"true\" data-elementor-setting-key=\"title\" data-pen-placeholder=\"Type Here...\">P\u00fcsimetsa\u00fchistu alusv\u00e4\u00e4rtused<\/h4>\t\t\t\t\t\t\t\t<\/div>\n\t\t\t\t<\/div>\n\t\t\t\t<div class=\"elementor-element elementor-element-15dadd3 elementor-icon-list--layout-traditional elementor-list-item-link-full_width elementor-widget elementor-widget-icon-list\" data-id=\"15dadd3\" data-element_type=\"widget\" data-widget_type=\"icon-list.default\">\n\t\t\t\t<div class=\"elementor-widget-container\">\n\t\t\t\t\t\t\t<ul class=\"elementor-icon-list-items\">\n\t\t\t\t\t\t\t<li class=\"elementor-icon-list-item\">\n\t\t\t\t\t\t\t\t\t\t\t<span class=\"elementor-icon-list-icon\">\n\t\t\t\t\t\t\t\t\t\t\t\t\t\t\t\t<i class=\"fa fa-check\" aria-hidden=\"true\"><\/i>\n\t\t\t\t\t\t\t\t\t\t\t\t\t<\/span>\n\t\t\t\t\t\t\t\t\t\t<span class=\"elementor-icon-list-text\">Mets on v\u00e4\u00e4rtus iseeneses. Me oleme inimeste ja rahvana metsaga tihedalt seotud \u2013 mets on meis ja meie oleme metsas. Me saame jagada metsast saadud kogemusi, teadmisi ja r\u00f5\u00f5mu.<\/span>\n\t\t\t\t\t\t\t\t\t<\/li>\n\t\t\t\t\t\t\t\t<li class=\"elementor-icon-list-item\">\n\t\t\t\t\t\t\t\t\t\t\t<span class=\"elementor-icon-list-icon\">\n\t\t\t\t\t\t\t\t\t\t\t\t\t\t\t\t<i class=\"fa fa-check\" aria-hidden=\"true\"><\/i>\n\t\t\t\t\t\t\t\t\t\t\t\t\t<\/span>\n\t\t\t\t\t\t\t\t\t\t<span class=\"elementor-icon-list-text\">Metsad on elurikkad, t\u00e4is erinevaid kooslusi, liike, allikaid, j\u00f5gesid, j\u00e4rvi, soid ja rabasid, erinevaid muldasid ja p\u00fchapaiku.<\/span>\n\t\t\t\t\t\t\t\t\t<\/li>\n\t\t\t\t\t\t\t\t<li class=\"elementor-icon-list-item\">\n\t\t\t\t\t\t\t\t\t\t\t<span class=\"elementor-icon-list-icon\">\n\t\t\t\t\t\t\t\t\t\t\t\t\t\t\t\t<i class=\"fa fa-check\" aria-hidden=\"true\"><\/i>\n\t\t\t\t\t\t\t\t\t\t\t\t\t<\/span>\n\t\t\t\t\t\t\t\t\t\t<span class=\"elementor-icon-list-text\">Me v\u00e4\u00e4rtustame ja hoiame metsi kui loomulikku ja looduslikku elukeskkonda. Metsad on meie \u2013 inimeste \u2013 kohtumispaigaks loodusega ja iseenda s\u00fcgava olemusega.<\/span>\n\t\t\t\t\t\t\t\t\t<\/li>\n\t\t\t\t\t\t\t\t<li class=\"elementor-icon-list-item\">\n\t\t\t\t\t\t\t\t\t\t\t<span class=\"elementor-icon-list-icon\">\n\t\t\t\t\t\t\t\t\t\t\t\t\t\t\t\t<i class=\"fa fa-check\" aria-hidden=\"true\"><\/i>\n\t\t\t\t\t\t\t\t\t\t\t\t\t<\/span>\n\t\t\t\t\t\t\t\t\t\t<span class=\"elementor-icon-list-text\">Me majandame metsi p\u00fcsimetsana, see t\u00e4hendab, et mets j\u00e4\u00e4b alati metsaks kui \u00f6kos\u00fcsteemiks. Me j\u00e4tame osa metsast t\u00e4iesti puutumatuks, kus loodus saab t\u00e4ielikult ise toimida.<\/span>\n\t\t\t\t\t\t\t\t\t<\/li>\n\t\t\t\t\t\t\t\t<li class=\"elementor-icon-list-item\">\n\t\t\t\t\t\t\t\t\t\t\t<span class=\"elementor-icon-list-icon\">\n\t\t\t\t\t\t\t\t\t\t\t\t\t\t\t\t<i class=\"fa fa-check\" aria-hidden=\"true\"><\/i>\n\t\t\t\t\t\t\t\t\t\t\t\t\t<\/span>\n\t\t\t\t\t\t\t\t\t\t<span class=\"elementor-icon-list-text\">Metsast puude saamise eesm\u00e4rgil majandades arvestame me k\u00f5igi metsas elavate olendite ja kooslustega ning p\u00fc\u00fcame tegutseda nendega koosk\u00f5las. Me peame raierahu, kui linnud ja loomad pesitsevad. Me p\u00fc\u00fcame metsa majandades metsapinda, vete loomulikku liikumist ja teisi puid mitte kahjustada. Me hoidume lageraietest \u00fcle 1 ha ning eelistame vajadusel h\u00e4ilude tekitamist. Me hoiame metsas asuvaid looduslikke p\u00fchapaiku.<\/span>\n\t\t\t\t\t\t\t\t\t<\/li>\n\t\t\t\t\t\t\t\t<li class=\"elementor-icon-list-item\">\n\t\t\t\t\t\t\t\t\t\t\t<span class=\"elementor-icon-list-icon\">\n\t\t\t\t\t\t\t\t\t\t\t\t\t\t\t\t<i class=\"fa fa-check\" aria-hidden=\"true\"><\/i>\n\t\t\t\t\t\t\t\t\t\t\t\t\t<\/span>\n\t\t\t\t\t\t\t\t\t\t<span class=\"elementor-icon-list-text\">Me m\u00f5istame ja v\u00e4\u00e4rtustame k\u00f5ike, mida mets meile annab \u2013 puid k\u00fctteks ja ehituseks, mahla, seeni, marju, ravimtaimi, puhast vett, okkaid, vihtu, vaikust, tervist, mett, teadmisi, varju ja palju muud. Me p\u00fc\u00fcame avatud meelega metsast saada k\u00f5iki neid v\u00e4\u00e4rtusi, mida mets pakub, seejuures p\u00fcsivalt metsa metsana hoides ehk p\u00fcsimetsana majandades.<\/span>\n\t\t\t\t\t\t\t\t\t<\/li>\n\t\t\t\t\t\t\t\t<li class=\"elementor-icon-list-item\">\n\t\t\t\t\t\t\t\t\t\t\t<span class=\"elementor-icon-list-icon\">\n\t\t\t\t\t\t\t\t\t\t\t\t\t\t\t\t<i class=\"fa fa-check\" aria-hidden=\"true\"><\/i>\n\t\t\t\t\t\t\t\t\t\t\t\t\t<\/span>\n\t\t\t\t\t\t\t\t\t\t<span class=\"elementor-icon-list-text\">Me oleme oma metsad \u00fcksikasjalikult kaardistanud ning hoiame seda teadmist v\u00e4rskena. Meil on teadmine ka metsas toimuvast.<\/span>\n\t\t\t\t\t\t\t\t\t<\/li>\n\t\t\t\t\t\t<\/ul>\n\t\t\t\t\t\t<\/div>\n\t\t\t\t<\/div>\n\t\t\t\t<div class=\"elementor-element elementor-element-f8ec825 elementor-widget elementor-widget-text-editor\" data-id=\"f8ec825\" data-element_type=\"widget\" data-widget_type=\"text-editor.default\">\n\t\t\t\t<div class=\"elementor-widget-container\">\n\t\t\t\t\t\t\t\t\t<p>Loe ka <a href=\"https:\/\/pysimetsayhistu.ee\/?page_id=8\" target=\"_blank\" rel=\"noopener\">P\u00fcsimetsa\u00fchistu p\u00f5hikirja<\/a> ning huvi korral esita oma liitumisavaldus <a href=\"https:\/\/pysimetsayhistu.ee\/?page_id=228\">SIIN<\/a>.<\/p>\t\t\t\t\t\t\t\t<\/div>\n\t\t\t\t<\/div>\n\t\t\t\t\t<\/div>\n\t\t<\/div>\n\t\t\t\t\t<\/div>\n\t\t<\/section>\n\t\t\t\t<section class=\"elementor-section elementor-top-section elementor-element elementor-element-c7c93a8 elementor-section-boxed elementor-section-height-default elementor-section-height-default\" data-id=\"c7c93a8\" data-element_type=\"section\">\n\t\t\t\t\t\t<div class=\"elementor-container elementor-column-gap-default\">\n\t\t\t\t\t<div class=\"elementor-column elementor-col-100 elementor-top-column elementor-element elementor-element-879479c\" data-id=\"879479c\" data-element_type=\"column\">\n\t\t\t<div class=\"elementor-widget-wrap elementor-element-populated\">\n\t\t\t\t\t\t<div class=\"elementor-element elementor-element-0277212 elementor-align-left elementor-widget elementor-widget-button\" data-id=\"0277212\" data-element_type=\"widget\" data-widget_type=\"button.default\">\n\t\t\t\t<div class=\"elementor-widget-container\">\n\t\t\t\t\t\t\t\t\t<div class=\"elementor-button-wrapper\">\n\t\t\t\t\t<a class=\"elementor-button elementor-button-link elementor-size-sm\" href=\"?page_id=228\">\n\t\t\t\t\t\t<span class=\"elementor-button-content-wrapper\">\n\t\t\t\t\t\t<span class=\"elementor-button-icon\">\n\t\t\t\t\t\t\t\t\t<i class=\"fa fa-user-plus\" aria-hidden=\"true\"><\/i>\n\t\t\t\t\t\t\t<\/span>\n\t\t\t\t\t\t\t\t\t<span class=\"elementor-button-text\">LIITUN<\/span>\n\t\t\t\t\t<\/span>\n\t\t\t\t\t<\/a>\n\t\t\t\t<\/div>\n\t\t\t\t\t\t\t\t<\/div>\n\t\t\t\t<\/div>\n\t\t\t\t\t<\/div>\n\t\t<\/div>\n\t\t\t\t\t<\/div>\n\t\t<\/section>\n\t\t\t\t<section class=\"elementor-section elementor-top-section elementor-element elementor-element-c43769b elementor-section-boxed elementor-section-height-default elementor-section-height-default\" data-id=\"c43769b\" data-element_type=\"section\">\n\t\t\t\t\t\t<div class=\"elementor-container elementor-column-gap-default\">\n\t\t\t\t\t<div class=\"elementor-column elementor-col-100 elementor-top-column elementor-element elementor-element-4b627c9\" data-id=\"4b627c9\" data-element_type=\"column\">\n\t\t\t<div class=\"elementor-widget-wrap elementor-element-populated\">\n\t\t\t\t\t\t<div class=\"elementor-element elementor-element-a93ad25 elementor-widget elementor-widget-image\" data-id=\"a93ad25\" data-element_type=\"widget\" data-widget_type=\"image.default\">\n\t\t\t\t<div class=\"elementor-widget-container\">\n\t\t\t\t\t\t\t\t\t\t\t\t\t\t\t\t<a href=\"https:\/\/pysimetsayhistu.ee\/\">\n\t\t\t\t\t\t\t<img decoding=\"async\" src=\"https:\/\/pysimetsayhistu.ee\/wp-content\/uploads\/pysimetsayhistu-roheline_cropped_vaike.png\" title=\"P\u00fcsimetsa\u00fchistu logo_vaike\" alt=\"P\u00fcsimetsa\u00fchistu logo_vaike\" loading=\"lazy\" \/>\t\t\t\t\t\t\t\t<\/a>\n\t\t\t\t\t\t\t\t\t\t\t\t\t\t\t<\/div>\n\t\t\t\t<\/div>\n\t\t\t\t\t<\/div>\n\t\t<\/div>\n\t\t\t\t\t<\/div>\n\t\t<\/section>\n\t\t\t\t<\/div>\n\t\t","protected":false},"excerpt":{"rendered":"<p>Eesti metsade ja sealse elurikkuse s\u00e4ilitamiseks ja suurendamiseks tegutseb arvukalt inimesi ja organisatsioone, sh loodusteadlased, kodutalud, \u00f6kokogukonnad,\u00a0 vaba\u00fchendused ja paljud teised. Tegevuste [&hellip;]<\/p>\n","protected":false},"author":1,"featured_media":0,"parent":228,"menu_order":400,"comment_status":"closed","ping_status":"closed","template":"page-templates\/page_fullwidth.php","meta":{"footnotes":""},"class_list":["post-10","page","type-page","status-publish","hentry"],"_links":{"self":[{"href":"https:\/\/pysimetsayhistu.ee\/index.php?rest_route=\/wp\/v2\/pages\/10","targetHints":{"allow":["GET"]}}],"collection":[{"href":"https:\/\/pysimetsayhistu.ee\/index.php?rest_route=\/wp\/v2\/pages"}],"about":[{"href":"https:\/\/pysimetsayhistu.ee\/index.php?rest_route=\/wp\/v2\/types\/page"}],"author":[{"embeddable":true,"href":"https:\/\/pysimetsayhistu.ee\/index.php?rest_route=\/wp\/v2\/users\/1"}],"replies":[{"embeddable":true,"href":"https:\/\/pysimetsayhistu.ee\/index.php?rest_route=%2Fwp%2Fv2%2Fcomments&post=10"}],"version-history":[{"count":15,"href":"https:\/\/pysimetsayhistu.ee\/index.php?rest_route=\/wp\/v2\/pages\/10\/revisions"}],"predecessor-version":[{"id":969,"href":"https:\/\/pysimetsayhistu.ee\/index.php?rest_route=\/wp\/v2\/pages\/10\/revisions\/969"}],"up":[{"embeddable":true,"href":"https:\/\/pysimetsayhistu.ee\/index.php?rest_route=\/wp\/v2\/pages\/228"}],"wp:attachment":[{"href":"https:\/\/pysimetsayhistu.ee\/index.php?rest_route=%2Fwp%2Fv2%2Fmedia&parent=10"}],"curies":[{"name":"wp","href":"https:\/\/api.w.org\/{rel}","templated":true}]}}