{"id":12,"date":"2018-07-19T16:12:08","date_gmt":"2018-07-19T16:12:08","guid":{"rendered":"https:\/\/pysimetsayhistu.ee\/?page_id=12"},"modified":"2024-03-20T13:47:45","modified_gmt":"2024-03-20T11:47:45","slug":"pusimetsauhistu","status":"publish","type":"page","link":"https:\/\/pysimetsayhistu.ee\/?page_id=12","title":{"rendered":"P\u00fcsimetsa\u00fchistu"},"content":{"rendered":"<p>P\u00fcsimetsa\u00fchistu koondab metsaomanikke, kes soovivad oma metsa tulusalt majandada, kuid samas tagada loodusv\u00e4\u00e4rtuste s\u00e4ilimise oma metsas. P\u00fcsimetsa\u00fchistu eesm\u00e4rgiks on, et v\u00f5imalikult suurt pindala erametsadest majandataks p\u00fcsimetsana ning see moodustaks \u00fcle Eesti v\u00f5rgustiku, millel on \u00f6koloogiline, majanduslik ja sotsiaalne v\u00e4\u00e4rtus ning mis haakuks olemasoleva kaitsealade s\u00fcsteemiga.<br \/>\n<strong>Miks p\u00fcsimetsamajandamine hea on?<\/strong><br \/>\nRaiemahud Eestis on \u00fcsna suured ning puude raievanus on m\u00e4\u00e4ratud pelgalt puidut\u00f6\u00f6stusele vajalikust aspektist. Samas on palju taimi, seeni, loomi ja linde, kes vajavad eluks vanemat metsa kui raiek\u00fcps mets. P\u00fcsimetsamajandamisega s\u00e4ilivad metsas ka vanemad puud ning seet\u00f5ttu ka looduslikud kooslused, mis on ainuomased vanemale metsale. Metsaomaniku silma ja hinge r\u00f5\u00f5mustab seega lisaks pidevalt p\u00fcsti olevale mets ka metsa elurikkus ning ilu.<br \/>\n<strong>Mida p\u00fcsimetsa\u00fchistu pakub?<\/strong><\/p>\n<ul>\n<li>Personaalse p\u00fcsimetsamajanduskava koostamine<\/li>\n<li>Metsa hoidvate metsat\u00f6\u00f6de teostamine<\/li>\n<li>P\u00fcsimetsa sertifikaat<\/li>\n<li>P\u00fcsimetsamajandamise v\u00f5rgustik, sh metsaomanikud, teenusepakkujad ja ostjad<\/li>\n<\/ul>\n<p><b><br \/>\nMiks liituda P\u00fcsimetsa\u00fchistuga?<\/b><\/p>\n<ul>\n<li>V\u00e4ldite oma metsas lageraiet, kuid teenite oma metsast tulu.<\/li>\n<li>Teie mets on pidevalt p\u00fcsti ja pidevalt uuenev ning elurikas ja looduslikult mitmekesine: nii teie, kui ka teie naabrite silma ja hinge kosutav.<\/li>\n<li>Saate tulu oma metsast pigem 10 aastaste vahedega, kui kord kahe sugup\u00f5lve jooksul.<\/li>\n<li>Teie metsamaa v\u00e4\u00e4rtus p\u00fcsib pidevalt k\u00f5rge ning sobib seet\u00f5ttu paremini n\u00e4iteks laenutagatiseks.<\/li>\n<li>Saate ligip\u00e4\u00e4su teabele, kuidas oma metsa p\u00fcsimetsana majandada.<\/li>\n<li>Tagame teile usaldusv\u00e4\u00e4rsed partnerid metsamajandamiskava koostamisel ja metsat\u00f6\u00f6de teostamisel. Metsamajandamiskava koostamisel v\u00f5etakse arvesse looduskaitselisi aspekte ja kogu Eestit katva v\u00e4\u00e4riselupaikade v\u00f5rgustiku loomist.<\/li>\n<li>V\u00f5imalus tellida teiste sama piirkonna \u00fchistuliikmetega metsat\u00f6id \u00fcheaegselt ning v\u00e4hendada logistikakulusid ning \u00fchtlasi ka teiste \u00fchistuliikmete kogemusest \u00f5ppida.<\/li>\n<\/ul>\n<p>&nbsp;<br \/>\n<strong>P\u00fcsimetsa\u00fchistuga liitumiseks kl\u00f5psake palun <a href=\"https:\/\/pysimetsayhistu.ee\/?page_id=228\">siia&gt;&gt;&gt;<\/a>.<\/strong><br \/>\n\t\t\t<a href=\"?page_id=228\" role=\"button\"><br \/>\n\t\t\t\t\t\tLIITUN<br \/>\n\t\t\t\t\t<\/a><br \/>\n\t\t\t\t\t\t\t\t\t\t\t<a href=\"https:\/\/pysimetsayhistu.ee\/\" data-elementor-open-lightbox=\"\"><br \/>\n\t\t\t\t\t\t\t<img decoding=\"async\" src=\"https:\/\/pysimetsayhistu.ee\/wp-content\/uploads\/pysimetsayhistu-roheline_cropped_vaike.png\" title=\"P\u00fcsimetsa\u00fchistu logo_vaike\" alt=\"P\u00fcsimetsa\u00fchistu logo_vaike\" \/>\t\t\t\t\t\t\t\t<\/a><\/p>\n","protected":false},"excerpt":{"rendered":"<p>P\u00fcsimetsa\u00fchistu koondab metsaomanikke, kes soovivad oma metsa tulusalt majandada, kuid samas tagada loodusv\u00e4\u00e4rtuste s\u00e4ilimise oma metsas. P\u00fcsimetsa\u00fchistu eesm\u00e4rgiks on, et v\u00f5imalikult suurt [&hellip;]<\/p>\n","protected":false},"author":1,"featured_media":0,"parent":0,"menu_order":100,"comment_status":"closed","ping_status":"closed","template":"page-templates\/page_fullwidth.php","meta":{"footnotes":""},"class_list":["post-12","page","type-page","status-publish","hentry"],"_links":{"self":[{"href":"https:\/\/pysimetsayhistu.ee\/index.php?rest_route=\/wp\/v2\/pages\/12","targetHints":{"allow":["GET"]}}],"collection":[{"href":"https:\/\/pysimetsayhistu.ee\/index.php?rest_route=\/wp\/v2\/pages"}],"about":[{"href":"https:\/\/pysimetsayhistu.ee\/index.php?rest_route=\/wp\/v2\/types\/page"}],"author":[{"embeddable":true,"href":"https:\/\/pysimetsayhistu.ee\/index.php?rest_route=\/wp\/v2\/users\/1"}],"replies":[{"embeddable":true,"href":"https:\/\/pysimetsayhistu.ee\/index.php?rest_route=%2Fwp%2Fv2%2Fcomments&post=12"}],"version-history":[{"count":19,"href":"https:\/\/pysimetsayhistu.ee\/index.php?rest_route=\/wp\/v2\/pages\/12\/revisions"}],"predecessor-version":[{"id":912,"href":"https:\/\/pysimetsayhistu.ee\/index.php?rest_route=\/wp\/v2\/pages\/12\/revisions\/912"}],"wp:attachment":[{"href":"https:\/\/pysimetsayhistu.ee\/index.php?rest_route=%2Fwp%2Fv2%2Fmedia&parent=12"}],"curies":[{"name":"wp","href":"https:\/\/api.w.org\/{rel}","templated":true}]}}