{"id":228,"date":"2018-07-19T19:21:55","date_gmt":"2018-07-19T19:21:55","guid":{"rendered":"https:\/\/pysimetsayhistu.ee\/?page_id=228"},"modified":"2025-04-13T22:58:06","modified_gmt":"2025-04-13T19:58:06","slug":"pusimetsauhistuga-liitumine","status":"publish","type":"page","link":"https:\/\/pysimetsayhistu.ee\/?page_id=228","title":{"rendered":"Liitumine"},"content":{"rendered":"\n<p>P\u00fcsimetsa\u00fchistuga liitumissoovi korral veenduge, et olete tutvunud P\u00fcsimetsa\u00fchistu <a href=\"https:\/\/pysimetsayhistu.ee\/?page_id=10\" target=\"_blank\" rel=\"noopener\">alusv\u00e4\u00e4rtuste<\/a> ja <a href=\"https:\/\/pysimetsayhistu.ee\/?page_id=8\" target=\"_blank\" rel=\"noopener\">p\u00f5hikirjaga<\/a>. Nendega n\u00f5ustumisel t\u00e4itke k\u00fcsitud andmed, mispeale v\u00f5tame teiega hiljemalt paari p\u00e4eva jooksul \u00fchendust.<\/p>\n\n\n\n<p>&nbsp;<\/p>\n\n\n<noscript class=\"ninja-forms-noscript-message\">\n\tNotice: JavaScript is required for this content.<\/noscript>\n<div id=\"nf-form-3-cont\" class=\"nf-form-cont\" aria-live=\"polite\" aria-labelledby=\"nf-form-title-3\" aria-describedby=\"nf-form-errors-3\" role=\"form\">\n\n    <div class=\"nf-loading-spinner\"><\/div>\n\n<\/div>\n        <!-- That data is being printed as a workaround to page builders reordering the order of the scripts loaded-->\n        <script>var formDisplay=1;var nfForms=nfForms||[];var form=[];form.id='3';form.settings={\"objectType\":\"Form Setting\",\"editActive\":true,\"title\":\"Liitumisavaldus\",\"show_title\":1,\"allow_public_link\":0,\"embed_form\":\"\",\"clear_complete\":1,\"hide_complete\":1,\"default_label_pos\":\"above\",\"wrapper_class\":\"\",\"element_class\":\"\",\"form_title_heading_level\":\"3\",\"key\":\"\",\"add_submit\":1,\"currency\":\"EUR\",\"unique_field_error\":\"T\\u00e4pselt sellise infoga taotlus on juba esitatud.\",\"logged_in\":false,\"not_logged_in_msg\":\"\",\"sub_limit_msg\":\"<p>MIdagi l\\u00e4ks katki. Palun saatke oma andmed e-postoga <a href=\\\"info@pysimetsayhistu.ee\\\">info@pysimetsayhistu.ee<\\\/a>&nbsp; aadressile. Ait\\u00e4h!<\\\/p>\",\"calculations\":[],\"formContentData\":[\"eesnimi_1744574083851\",\"perenimi_1744574091978\",\"e-post_1744574098398\",\"telefoninumber_1744574115970\",\"hr_1744574076155\",\"taeiendav_info_1744574317156\",\"saada_1744574250529\"],\"changeEmailErrorMsg\":\"Palun kontrollige e-postiaadressi.\",\"changeDateErrorMsg\":\"Palun kontrollige kuup\\u00e4eva \\u00f5igsust.\",\"confirmFieldErrorMsg\":\"Need v\\u00e4ljad peavad olema samad.\",\"fieldNumberNumMinError\":\"Min. numbri viga\",\"fieldNumberNumMaxError\":\"Maks. numbri viga\",\"fieldNumberIncrementBy\":\"Palun kontrollige numbrit. \",\"formErrorsCorrectErrors\":\"Palun parandage vead enne saatmist. \",\"validateRequiredField\":\"Palun t\\u00e4itke see v\\u00e4li enne saatmist. \",\"honeypotHoneypotError\":\"Vabandame! Midagi l\\u00e4ks valesti - palun saatke oma liitusmiavaldus e-postiga info@pysimetsayhistu.ee aadressile.\",\"fieldsMarkedRequired\":\"T\\u00e4rniga t\\u00e4histatud v\\u00e4ljade t\\u00e4itmine on kohustuslik.\",\"objectDomain\":\"display\",\"drawerDisabled\":false,\"ninjaForms\":\"Ninja Forms\",\"fieldTextareaRTEInsertLink\":\"Insert Link\",\"fieldTextareaRTEInsertMedia\":\"Insert Media\",\"fieldTextareaRTESelectAFile\":\"Select a file\",\"formHoneypot\":\"If you are a human seeing this field, please leave it empty.\",\"fileUploadOldCodeFileUploadInProgress\":\"File Upload in Progress.\",\"fileUploadOldCodeFileUpload\":\"FILE UPLOAD\",\"currencySymbol\":false,\"thousands_sep\":\",\",\"decimal_point\":\".\",\"siteLocale\":\"en\",\"dateFormat\":\"m\\\/d\\\/Y\",\"startOfWeek\":\"1\",\"of\":\"of\",\"previousMonth\":\"Previous Month\",\"nextMonth\":\"Next Month\",\"months\":[\"January\",\"February\",\"March\",\"April\",\"May\",\"June\",\"July\",\"August\",\"September\",\"October\",\"November\",\"December\"],\"monthsShort\":[\"Jan\",\"Feb\",\"Mar\",\"Apr\",\"May\",\"Jun\",\"Jul\",\"Aug\",\"Sep\",\"Oct\",\"Nov\",\"Dec\"],\"weekdays\":[\"Sunday\",\"Monday\",\"Tuesday\",\"Wednesday\",\"Thursday\",\"Friday\",\"Saturday\"],\"weekdaysShort\":[\"Sun\",\"Mon\",\"Tue\",\"Wed\",\"Thu\",\"Fri\",\"Sat\"],\"weekdaysMin\":[\"Su\",\"Mo\",\"Tu\",\"We\",\"Th\",\"Fr\",\"Sa\"],\"recaptchaConsentMissing\":\"reCaptcha validation couldn&#039;t load.\",\"recaptchaMissingCookie\":\"reCaptcha v3 validation couldn&#039;t load the cookie needed to submit the form.\",\"recaptchaConsentEvent\":\"Accept reCaptcha cookies before sending the form.\",\"currency_symbol\":\"&euro;\",\"beforeForm\":\"\",\"beforeFields\":\"\",\"afterFields\":\"\",\"afterForm\":\"\"};form.fields=[{\"objectType\":\"Field\",\"objectDomain\":\"fields\",\"editActive\":false,\"order\":1,\"idAttribute\":\"id\",\"label\":\"Eesnimi\",\"type\":\"firstname\",\"key\":\"eesnimi_1744574083851\",\"label_pos\":\"above\",\"required\":1,\"default\":\"\",\"placeholder\":\"\",\"container_class\":\"\",\"element_class\":\"\",\"admin_label\":\"\",\"help_text\":\"\",\"custom_name_attribute\":\"fname\",\"personally_identifiable\":1,\"value\":\"\",\"id\":19,\"beforeField\":\"\",\"afterField\":\"\",\"parentType\":\"firstname\",\"element_templates\":[\"firstname\",\"input\"],\"old_classname\":\"\",\"wrap_template\":\"wrap\"},{\"objectType\":\"Field\",\"objectDomain\":\"fields\",\"editActive\":false,\"order\":2,\"idAttribute\":\"id\",\"label\":\"Perenimi\",\"type\":\"lastname\",\"key\":\"perenimi_1744574091978\",\"label_pos\":\"above\",\"required\":false,\"default\":\"\",\"placeholder\":\"\",\"container_class\":\"\",\"element_class\":\"\",\"admin_label\":\"\",\"help_text\":\"\",\"custom_name_attribute\":\"lname\",\"personally_identifiable\":1,\"value\":\"\",\"id\":20,\"beforeField\":\"\",\"afterField\":\"\",\"parentType\":\"lastname\",\"element_templates\":[\"lastname\",\"input\"],\"old_classname\":\"\",\"wrap_template\":\"wrap\"},{\"objectType\":\"Field\",\"objectDomain\":\"fields\",\"editActive\":false,\"order\":3,\"idAttribute\":\"id\",\"label\":\"e-post\",\"type\":\"email\",\"key\":\"e-post_1744574098398\",\"label_pos\":\"above\",\"required\":1,\"default\":\"\",\"placeholder\":\"\",\"container_class\":\"\",\"element_class\":\"\",\"admin_label\":\"\",\"help_text\":\"\",\"custom_name_attribute\":\"email\",\"personally_identifiable\":1,\"value\":\"\",\"id\":21,\"beforeField\":\"\",\"afterField\":\"\",\"parentType\":\"email\",\"element_templates\":[\"email\",\"input\"],\"old_classname\":\"\",\"wrap_template\":\"wrap\"},{\"objectType\":\"Field\",\"objectDomain\":\"fields\",\"editActive\":false,\"order\":4,\"idAttribute\":\"id\",\"label\":\"Telefoninumber\",\"type\":\"phone\",\"key\":\"telefoninumber_1744574115970\",\"label_pos\":\"above\",\"required\":false,\"default\":\"\",\"placeholder\":\"\",\"container_class\":\"\",\"element_class\":\"\",\"input_limit\":\"\",\"input_limit_type\":\"characters\",\"input_limit_msg\":\"Character(s) left\",\"manual_key\":false,\"admin_label\":\"\",\"help_text\":\"\",\"mask\":\"\",\"custom_mask\":\"\",\"custom_name_attribute\":\"phone\",\"personally_identifiable\":1,\"value\":\"\",\"drawerDisabled\":false,\"id\":22,\"beforeField\":\"\",\"afterField\":\"\",\"parentType\":\"textbox\",\"element_templates\":[\"tel\",\"textbox\",\"input\"],\"old_classname\":\"\",\"wrap_template\":\"wrap\"},{\"objectType\":\"Field\",\"objectDomain\":\"fields\",\"editActive\":false,\"order\":5,\"idAttribute\":\"id\",\"label\":\"Divider\",\"type\":\"hr\",\"container_class\":\"\",\"element_class\":\"\",\"admin_label\":\"\",\"key\":\"hr_1744574076155\",\"id\":23,\"beforeField\":\"\",\"afterField\":\"\",\"value\":\"\",\"label_pos\":\"above\",\"parentType\":\"hr\",\"element_templates\":[\"hr\",\"input\"],\"old_classname\":\"\",\"wrap_template\":\"wrap\"},{\"objectType\":\"Field\",\"objectDomain\":\"fields\",\"editActive\":false,\"order\":6,\"idAttribute\":\"id\",\"label\":\"T\\u00e4iendav info\",\"type\":\"textarea\",\"key\":\"taeiendav_info_1744574317156\",\"label_pos\":\"above\",\"required\":false,\"default\":\"Palun sisestage siia kommentaarid, soovitused ja t\\u00e4iendav info. Palun lisaga ka millises maakonnas asub teie metsamaa?\",\"placeholder\":\"\",\"container_class\":\"\",\"element_class\":\"\",\"input_limit\":\"\",\"input_limit_type\":\"characters\",\"input_limit_msg\":\"Character(s) left\",\"manual_key\":false,\"admin_label\":\"\",\"help_text\":\"\",\"textarea_rte\":\"\",\"disable_rte_mobile\":\"\",\"textarea_media\":\"\",\"value\":\"Palun sisestage siia kommentaarid, soovitused ja t\\u00e4iendav info. Palun lisaga ka millises maakonnas asub teie metsamaa?\",\"drawerDisabled\":false,\"id\":24,\"beforeField\":\"\",\"afterField\":\"\",\"parentType\":\"textarea\",\"element_templates\":[\"textarea\",\"input\"],\"old_classname\":\"\",\"wrap_template\":\"wrap\"},{\"objectType\":\"Field\",\"objectDomain\":\"fields\",\"editActive\":false,\"order\":9999,\"idAttribute\":\"id\",\"type\":\"submit\",\"label\":\"Saada!\",\"processing_label\":\"fotos\\u00fcntees ja aineringlus....\",\"container_class\":\"\",\"element_class\":\"\",\"key\":\"saada_1744574250529\",\"admin_label\":\"\",\"drawerDisabled\":false,\"id\":25,\"beforeField\":\"\",\"afterField\":\"\",\"value\":\"\",\"label_pos\":\"above\",\"parentType\":\"textbox\",\"element_templates\":[\"submit\",\"button\",\"input\"],\"old_classname\":\"\",\"wrap_template\":\"wrap-no-label\"}];nfForms.push(form);<\/script>\n        \n\n\n\n<p>Lisainformatsiooni k\u00fcsida <a href=\"mailto:info@pysimetsayhistu.ee\">info@pysimetsayhistu.ee<\/a> v\u00f5i +372 55 570 010 (Toomas).<\/p>\n\n\n\n<p><\/p>\n","protected":false},"excerpt":{"rendered":"<p>P\u00fcsimetsa\u00fchistuga liitumissoovi korral veenduge, et olete tutvunud P\u00fcsimetsa\u00fchistu alusv\u00e4\u00e4rtuste ja p\u00f5hikirjaga. Nendega n\u00f5ustumisel t\u00e4itke k\u00fcsitud andmed, mispeale v\u00f5tame teiega hiljemalt paari p\u00e4eva [&hellip;]<\/p>\n","protected":false},"author":2,"featured_media":0,"parent":0,"menu_order":300,"comment_status":"closed","ping_status":"closed","template":"page-templates\/page_fullwidth.php","meta":{"footnotes":""},"class_list":["post-228","page","type-page","status-publish","hentry"],"_links":{"self":[{"href":"https:\/\/pysimetsayhistu.ee\/index.php?rest_route=\/wp\/v2\/pages\/228","targetHints":{"allow":["GET"]}}],"collection":[{"href":"https:\/\/pysimetsayhistu.ee\/index.php?rest_route=\/wp\/v2\/pages"}],"about":[{"href":"https:\/\/pysimetsayhistu.ee\/index.php?rest_route=\/wp\/v2\/types\/page"}],"author":[{"embeddable":true,"href":"https:\/\/pysimetsayhistu.ee\/index.php?rest_route=\/wp\/v2\/users\/2"}],"replies":[{"embeddable":true,"href":"https:\/\/pysimetsayhistu.ee\/index.php?rest_route=%2Fwp%2Fv2%2Fcomments&post=228"}],"version-history":[{"count":28,"href":"https:\/\/pysimetsayhistu.ee\/index.php?rest_route=\/wp\/v2\/pages\/228\/revisions"}],"predecessor-version":[{"id":1106,"href":"https:\/\/pysimetsayhistu.ee\/index.php?rest_route=\/wp\/v2\/pages\/228\/revisions\/1106"}],"wp:attachment":[{"href":"https:\/\/pysimetsayhistu.ee\/index.php?rest_route=%2Fwp%2Fv2%2Fmedia&parent=228"}],"curies":[{"name":"wp","href":"https:\/\/api.w.org\/{rel}","templated":true}]}}