{"id":547,"date":"2018-07-21T13:21:03","date_gmt":"2018-07-21T13:21:03","guid":{"rendered":"https:\/\/pysimetsayhistu.ee\/?page_id=547"},"modified":"2018-07-22T16:43:29","modified_gmt":"2018-07-22T16:43:29","slug":"constitution","status":"publish","type":"page","link":"https:\/\/pysimetsayhistu.ee\/?page_id=547","title":{"rendered":"Constitution"},"content":{"rendered":"<p><strong>This is Eesti P\u00fcsimetsa\u00fchistu&#8217;s <em>initial<\/em> constitution.<\/strong><\/p>\n<p>Eesti P\u00fcsimetsa\u00fchistu on tulundus\u00fchistu, mille tegevuspiirkonnaks on Eesti Vabariik ning \u00fchistu \u00fchendab Eesti P\u00fcsimetsa\u00fchistu alusv\u00e4\u00e4rtustest l\u00e4htuvaid metsa hoidvaid ja looduss\u00f5bralikult majandavaid erametsaomanikke.<\/p>\n<p>1. \u00dcLDS\u00c4TTED<\/p>\n<p>1.1. Tulundus\u00fchistu \u00e4rinimi on Eesti P\u00fcsimetsa\u00fchistu (edaspidi \u00dchistu).<br \/>\n1.2. \u00dchistu asukohaks on \u2026., Eesti Vabariik.<br \/>\n1.3. \u00dchistu on asutatud m\u00e4\u00e4ramata t\u00e4htajaks.<br \/>\n1.4. \u00dchistu majandusaasta algab 1. jaanuaril ja l\u00f5peb 31. detsembril.<br \/>\n1.5. \u00dchistu juhindub oma tegevuses Eesti Vabariigi \u00f5igusaktidest, k\u00e4esolevast p\u00f5hikirjast (edaspidi P\u00f5hikiri) ja Eesti P\u00fcsimetsa\u00fchistu alusv\u00e4\u00e4rtustest ja p\u00f5him\u00f5tetest, mis on p\u00f5hikirja lahutamatuks osaks (edaspidi Alusv\u00e4\u00e4rtused).<\/p>\n<p>2. \u00dcHISTU EESM\u00c4RGID JA TEGEVUSALAD<\/p>\n<p>\u00dchistu p\u00f5hieesm\u00e4rkideks on luua v\u00f5imalusi liikmete metsade looduss\u00f5bralikuks majandamiseks, sealse elurikkuse suurendamiseks ning \u00dchistu alusv\u00e4\u00e4rtustest l\u00e4htuvaks liikmete \u00fchistegevuseks.<\/p>\n<p>2.1. \u00dchistu tegevusalad on:<br \/>\n2.1.1. Looduss\u00f5bralikuks metsanduseks vajalike teenuste arendamine ja pakkumine \u00dchistu liikmetele<br \/>\n2.1.2. \u00dchistu alusv\u00e4\u00e4rtustest l\u00e4htuv metsakasvatus, metsa \u00fclest\u00f6\u00f6tamine, kokkuost ja t\u00f6\u00f6tlemine, metsamaterjali ja selle valmistoodangu m\u00fc\u00fck;<br \/>\n2.1.3. Alusv\u00e4\u00e4rtustest l\u00e4htuv metsakorraldus;<br \/>\n2.1.4. Looduss\u00f5braliku metsanduse koolituste ja n\u00f5uannete pakkumine;<br \/>\n2.1.5. Liikmete nimel metsanduslike toetuste taotlemine;<br \/>\n2.1.6. Looduss\u00f5braliku metsamajandaja sertifikaadi taotlemine ja hoidmine.<br \/>\n2.1.7. Liikmete esindamine riigi ning kohalikes v\u00f5imuorganites jt organisatsioonides ja asutustes.<br \/>\n2.1.8. \u00dchistu alusv\u00e4\u00e4rtustest l\u00e4htuvate metsakasutusviiside nagu turism, taimsed tooted, mahladest ja vaikudest tehtud tooted, mesindus jms arendamine<br \/>\n2.1.9. Koolimetsade ja teadusmetsade leidmine ja vastava teenuse arendamine<br \/>\n2.1.10. Puidust ja metsast l\u00e4bi teadmiste maksimaalse v\u00e4\u00e4rtuse saamine, sellesisulise teabe, ekspertide ja projektide v\u00f5rgustiku koordineerimine<br \/>\n2.1.11. Metsavalve organiseerimine \u00dchistu liikmete ja \u00dchistu metsades<\/p>\n<p>3. \u00dcHISTU VARA<\/p>\n<p>3.1. \u00dchistu vara tekib liikmete osamaksudest, liikmemaksudest ja muudest maksetest, \u00dchistu tegevusest saadud tulust, riigi ja kohaliku omavalitsuse toetustest ning muudest laekumistest.<br \/>\n3.2. \u00dchistul on \u00f5igus omada metsamaad.<br \/>\n3.3. \u00dchistu vastutab oma kohustuste eest oma varaga. \u00dchistu liige ei vastuta isiklikult \u00dchistu kohustuste eest.<\/p>\n<p>4. OSAKAPITAL. OSAMAKS. SISSEASTUMIS- JA LIIKMEMAKS<\/p>\n<p>4.1. \u00dchistu moodustab osakapitali, reservkapitali ja muid sihtotstarbelisi fonde.<br \/>\n4.2. \u00dchistu osakapitali miinimumsuuruseks on 2500 (kaks tuhat viissada) eurot. \u00dchistu osakapital moodustub liikmete osamaksudest.<br \/>\n4.3. \u00dchistu liikmel on \u00f5igus tasuda osamaksu. \u00dchel liikmel v\u00f5ib olla rohkem kui \u00fcks osamaks, kuid mitte rohkem kui 100 (sada) osamaksu. \u00dchistu netovara v\u00e4henemisel alla poole osakapitalist v\u00f5ib volinike koosoleku otsusega kehtestada liikmetele kohustuse tasuda lisasissemaksed osakapitali vastavalt volinike koosoleku otsusele.<br \/>\n4.4. Osamaksu suuruseks on 50 (viisk\u00fcmmend) eurot. Osamaksu tasumine v\u00f5ib toimuda \u00fcksnes rahalise sissemaksena.<br \/>\n4.5. \u00dchistu liige tasub osamaksu \u00dchistu juhatuse poolt kindlaksm\u00e4\u00e4ratud t\u00e4htajaks.<br \/>\n4.6. \u00dchistu liige kohustub tasuma sisseastumismaksu ja liikmemaksu.<br \/>\n4.7. \u00dchistu liige on kohustatud \u00dchistu liikmeks astumisel tasuma sisseastumismaksu, mille suuruseks on 10 (k\u00fcmme) eurot. N\u00f5ukogu otsusega v\u00f5ib sisseastumismaksu suurust muuta. Sisseastumismaksu liikmesuse l\u00f5ppemisel ei tagastata. Sisseastumismaksu v\u00f5ib tasuda \u00fcksnes rahas ja see tuleb tasuda arvel m\u00e4\u00e4ratud t\u00e4htajaks.<br \/>\n4.8. Liikmemaksu suuruse m\u00e4\u00e4rab \u00fcldkoosolek ja tasutud liikmemaksu liikmesuse l\u00f5ppemisel ei tagastata. Liikmemaksu v\u00f5ib tasuda \u00fcksnes rahas. Liikmemaks tuleb tasuda 30 (kolmek\u00fcmne) p\u00e4eva jooksul vastava arve kuup\u00e4evast.<\/p>\n<p>5. KASUMI JAOTAMINE JA KAHJUMI KATMINE. RESERVKAPITAL<\/p>\n<p>5.1. \u00dchistu kasumist v\u00f5ib maksta dividende. Dividendi suuruse kinnitab \u00fcldkoosolek. Ettepaneku dividendi suuruse kohta esitab n\u00f5ukogu. \u00dcldkoosolek ei v\u00f5i otsustada suurema dividendi maksmist, kui n\u00e4hakse ette n\u00f5ukogu ettepanekus.<br \/>\n5.2. \u00dchistu liikmetele tehakse v\u00e4ljamaksed puhaskasumist v\u00f5i eelmise majandusaasta kasumist, millest on maha arvatud eelmiste aastate katmata kahjum. Dividende v\u00f5ib maksta \u00fcksnes kinnitatud majandusaasta aruande alusel.<br \/>\n5.3. Dividendi makstakse vastavalt liikme osalemisele \u00dchistu tegevuses. Liikmetele v\u00f5ib maksta dividendi ka vastavalt liikme osamaksu suurusele. T\u00e4psem kasumi jaotamise kord v\u00f5idakse kehtestada n\u00f5ukogu koosoleku otsusega.<br \/>\n5.4. \u00dchistul on seaduses s\u00e4testatud suuruses reservkapital (igal majandusaastal kantakse reservkapitali v\u00e4hemalt 1\/20 puhaskasumist).<br \/>\n5.5. Majandusaasta kahjum kaetakse eelmiste perioodide jaotamata kasumi arvelt. Reservkapitali v\u00f5ib volinike koosoleku otsusel kasutada kahjumi katmiseks, kui seda ei ole v\u00f5imalik katta eelmiste perioodide jaotamata kasumi arvelt.<br \/>\n5.6. Kahjumi katmisest ja dividendide maksmisest \u00fclej\u00e4\u00e4nud kasum kulutatakse tootmise laiendamisele ja metsamajanduslikule \u00fchistegevusele.<\/p>\n<p>6. \u00dcHISTU LIIKMEKS VASTUV\u00d5TMINE JA SELLEST KEELDUMINE<\/p>\n<p>6.1. \u00dchistu liikmeteks v\u00f5ivad olla k\u00f5ik 18-aastaseks saanud f\u00fc\u00fcsilisest isikust metsaomanikud, kes j\u00e4rgivad \u00dchistu Alusv\u00e4\u00e4rtusi ning majandavad oma metsi \u00f6koloogilisi v\u00e4\u00e4rtusi hoides v\u00f5i suurendades, s\u00f5ltumata nende elukohast ja kodakondsusest ning juriidilised isikud, kes kes j\u00e4rgivad \u00dchistu Alusv\u00e4\u00e4rtusi ning majandavad oma metsi \u00f6koloogilisi v\u00e4\u00e4rtusi hoides v\u00f5i suurendades, s\u00f5ltumata nende asukohast. \u00dchistu liikmeks saavad olla juriidilisest isikust \u00e4ri\u00fching, kelle osade v\u00f5i aktsiate ainuomanik on f\u00fc\u00fcsilisest isikust metsaomanik ja kes vastab \u00dchistu liikmeks saamise tingimustele. \u00dchistu juhatuse otsusel v\u00f5ivad liikmeks olla metsamaad mitteomavad metsandusega seotud f\u00fc\u00fcsilised isikud.<br \/>\n6.2. Liikmeks saamise otsustab juhatus. Liikmeks vastuv\u00f5tmine toimub liikmeks astuja kirjaliku avalduse alusel, mille juhatus vaatab l\u00e4bi \u00fche kuu jooksul avalduse esitamise p\u00e4evast arvates. Juhatusel on \u00f5igus n\u00f5uda liikmeks astujalt lisainformatsiooni. Sellisel juhul loetakse avalduse esitamise p\u00e4evaks kuup\u00e4ev, mil liikmeks astuja on esitanud juhatusele kogu n\u00f5utud informatsiooni.<br \/>\n6.3. \u00dchistu liikmeks astumisel tuleb tasuda sisseastumismaks, osamaks ja liikmemaks \u00fcheks aastaks.<br \/>\n6.4. Isik saab \u00dchistu liikmeks juhatuse vastava otsuse tegemise p\u00e4evast.<br \/>\n6.5. Juhatus v\u00f5ib keelduda liikmeks vastuv\u00f5tmisest j\u00e4rgmistel alustel:<br \/>\n6.5.1. Liikmeks astuja ei vasta \u00dchistu p\u00f5hikirjaga v\u00f5i seadusega s\u00e4testatud n\u00f5uetele;<br \/>\n6.5.2. Liikmeks astuja on varem \u00dchistust v\u00e4lja arvatud p\u00f5hikirja v\u00f5i seadusega s\u00e4testatud n\u00f5uete j\u00e4rgimata j\u00e4tmise t\u00f5ttu;<br \/>\n6.5.3. \u00dchistu ei suuda tagada ega soodustada olemasolevast suurema arvu liikmete huvisid;<br \/>\n6.5.4. Liikmeks astuja ei tasu \u00dchistu sisseastumismaksu;<br \/>\n6.5.5. Esinevad muud m\u00f5juvad p\u00f5hjused, muuhulgas juhul, kui juhatusel on m\u00f5istlik p\u00f5hjus eeldada, et liikmeks astuja ei t\u00e4ida \u00dchistu liikme kohustusi v\u00f5i kui juhatuse hinnangul puudub liikmeks astujal soov v\u00f5i v\u00f5imalused panustada \u00dchistu \u00fchistegevusse.<br \/>\n6.6. Liikmeks vastuv\u00f5tmisest keeldumise otsuse tegemisel peab juhatus saatma isikule tema vastuv\u00f5tmisest keeldumise otsuse \u00e4rakirja. \u00c4rakiri tuleb saata 1 (\u00fche) n\u00e4dala jooksul otsuse tegemisest arvates.<\/p>\n<p>7. LIIKMESUSE L\u00d5PPEMINE<\/p>\n<p>7.1. Liikmesus \u00dchistus l\u00f5peb:<br \/>\n7.1.1. liikme v\u00e4ljaastumisel \u00dchistust;<br \/>\n7.1.2. liikme \u00dchistust v\u00e4ljaarvamisel;<br \/>\n7.1.3. liikme surma korral, v\u00e4lja arvatud liikmesuse \u00fcleminekul p\u00e4rijale;<br \/>\n7.1.4. juriidilisest isikust liikme l\u00f5ppemisel;<br \/>\n7.1.5. liikmesuse \u00fcleandmisel.<br \/>\n7.2. V\u00e4ljaastunud v\u00f5i v\u00e4ljaarvatud liikme mittevaralised \u00f5igused ja kohustused l\u00f5pevad p\u00e4evast, mil liige loetakse juhatuse otsusega \u00dchistust v\u00e4ljaastunuks v\u00f5i v\u00e4ljaarvatuks.<br \/>\n7.3. V\u00e4ljaastunud liikme varalised \u00f5igused ja kohustused l\u00f5pevad majandusaasta viimasel p\u00e4eval, kui v\u00e4ljaastumisavaldus on esitatud v\u00e4hemalt kaks kuud enne majandusaasta l\u00f5ppu. Hiljem esitatud avalduse korral l\u00f5pevad v\u00e4ljaastunud liikme varalised \u00f5igused ja kohustused j\u00e4rgmise majandusaasta viimasel p\u00e4eval. Muudel alustel liikmesuse l\u00f5ppemise korral l\u00f5pevad liikme varalised \u00f5igused ja kohustused selle majandusaasta viimasel p\u00e4eval, mil liige suri, juriidiline isik l\u00f5ppes v\u00f5i v\u00f5eti vastu tema v\u00e4ljaarvamise otsus.<br \/>\n7.4. Liikmesuse l\u00f5ppemisel on v\u00e4lja astunud v\u00f5i v\u00e4lja arvatud liikmel \u00f5igus tagasi saada tasutud osamaks ja temale kuuluv jaotatav kasum \u00fche aasta jooksul varaliste \u00f5iguste ja kohustuste l\u00f5ppemise p\u00e4evast arvates.<\/p>\n<p>Liikme v\u00e4ljaastumine \u00dchistust<\/p>\n<p>7.5. \u00dchistu liikmel on \u00f5igus \u00dchistust v\u00e4lja astuda. \u00dchistust v\u00e4ljaastumiseks peab liige esitama juhatusele kirjaliku avalduse. Avaldus tuleb esitada v\u00e4hemalt \u00fcks kuu enne v\u00e4ljaastumist.<br \/>\n7.6. Juhatus peab liikme \u00dchistust v\u00e4ljaastumise otsustama \u00fche kuu jooksul arvates avalduse esitamise p\u00e4evast, tehes kindlaks v\u00e4ljaastunud liikme ja \u00dchistu vastastikused varalised \u00f5igused ja kohustused. Liige loetakse v\u00e4ljaastunuks juhatuse vastava otsuse tegemise p\u00e4evast arvates.<\/p>\n<p>Liikme v\u00e4ljaarvamine \u00dchistust<\/p>\n<p>7.7. Liikme v\u00f5ib \u00dchistust v\u00e4lja arvata juhul, kui:<br \/>\n7.7.1. liige ei vasta seaduses v\u00f5i \u00dchistu p\u00f5hikirjas s\u00e4testatud n\u00f5uetele;<br \/>\n7.7.2. liige ei t\u00e4ida seaduses v\u00f5i p\u00f5hikirjas s\u00e4testatud kohustusi ja\/v\u00f5i \u00dchistu \u00fcldkoosoleku, volinike koosoleku, n\u00f5ukogu v\u00f5i juhatuse otsuseid;<br \/>\n7.7.3. liige kahjustab oma tegevusega \u00dchistu huve ja\/v\u00f5i mainet;<br \/>\n7.7.4. esinevad muud m\u00f5juvad p\u00f5hjused.<br \/>\n7.8. \u00dchistu liikme v\u00e4ljaarvamise otsustab juhatus. Liige loetakse v\u00e4ljaarvatuks juhatuse vastava otsuse tegemise p\u00e4evast arvates.<br \/>\n7.9. Liikmele tuleb v\u00e4ljaarvamisotsusest teatada kirjalikult kahe n\u00e4dala jooksul, arvates vastava otsuse tegemisest. Teates peab olema m\u00e4rgitud \u00dchistust v\u00e4ljaarvamise p\u00f5hjus ja alus.<\/p>\n<p>Liikmesuse l\u00f5ppemine surmaga<\/p>\n<p>7.10. Liikme surma korral liikmesus l\u00f5peb.<br \/>\n7.11. \u00dchel \u00dchistu liikme p\u00e4rijatest on liikme surma korral \u00f5igus astuda \u00dchistu liikmeks, kui ta vastab seaduses ja p\u00f5hikirjas s\u00e4testatud tingimustele. P\u00e4rija kohustub esitama liikmeks astumise kirjaliku avalduse \u00fche aasta jooksul \u00dchistu liikme surmap\u00e4evast arvates. P\u00e4rija \u00dchistu liikmeks vastuv\u00f5tmisel loetakse ta liikmeks endise liikme surmap\u00e4evast.<br \/>\n7.12. P\u00e4rijate vahelise vaidluse liikmeks saamise \u00fcle lahendab kohus.<\/p>\n<p>Liikmesuse l\u00f5ppemine juriidilisest isikust liikme l\u00f5ppemisel<\/p>\n<p>7.13. Juriidilisest isikust liikme l\u00f5ppemisel ilma \u00f5igusj\u00e4rgluseta \u00dchistu liikmesus l\u00f5peb alates juriidilise isiku l\u00f5ppemise kande tegemisest vastavasse registrisse.<\/p>\n<p>Liikmesuse \u00fcleandmine<\/p>\n<p>7.14. \u00dchistu liige v\u00f5ib liikmesuse \u00fcle anda teisele isikule, v\u00f5\u00f5randades oma osamaksu isikule, kes vastab seaduse ja p\u00f5hikirjaga \u00dchistu liikme suhtes kehtestatud n\u00f5uetele.<br \/>\n7.15. Liikmesuse \u00fcleandmiseks esitavad \u00dchistu liige ja isik, kellele liikmesus \u00fcle antakse, juhatusele \u00fchise kirjaliku avalduse, milles \u00dchistu liige kinnitab, et ta soovib liikmesuse teisele isikule \u00fcle anda, ning milles isik, kellele liikmesus \u00fcle antakse, avaldab soovi \u00dchistu liikmeks saada. Avaldusele tuleb lisada osamaksu v\u00f5\u00f5randamist t\u00f5endav dokument.<\/p>\n<p>8. \u00dcHISTU LIIKMETE \u00d5IGUSED JA KOHUSTUSED<\/p>\n<p>8.1. \u00dchistu liikmeid koheldakse v\u00f5rdsetel asjaoludel v\u00f5rdselt.<br \/>\n8.2. \u00dchistu liikmel on \u00f5igus:<br \/>\n8.2.1. osa v\u00f5tta \u00dchistu \u00fcldkoosolekust;<br \/>\n8.2.2. valida ja olla valitud \u00dchistu juhtimis- ja kontrollorganitesse;<br \/>\n8.2.3. \u00f5igus saada juhatuselt \u00fcldkoosolekul teavet \u00dchistu tegevuse kohta;<br \/>\n8.2.4. tutvuda \u00dchistu dokumentidega, kui see ei kahjusta \u00dchistu majanduslikke huve;<br \/>\n8.2.5. saada osa \u00dchistu liikmetele jaotatavast kasumist;<br \/>\n8.2.6. v\u00f5tta osa \u00dchistu poolt korraldatud s\u00fcndmustest;<br \/>\n8.2.7. kasutada \u00dchistu poolt osutatavaid teenuseid;<br \/>\n8.2.8. astuda \u00dchistust v\u00e4lja;<br \/>\n8.2.9. kasutada teisi seaduses ja p\u00f5hikirjas s\u00e4testatud \u00f5igusi.<\/p>\n<p>8.3. \u00dchistu liige on kohustatud:<br \/>\n8.3.1. t\u00e4itma seadusest ja \u00dchistu p\u00f5hikirjast tulenevaid kohustusi ning \u00dchistu ja tema juhtimis- ning kontrollorganite otsuseid;<br \/>\n8.3.2. tasuma p\u00f5hikirjas v\u00f5i volinike koosoleku otsusega s\u00e4testatud suuruses ja korras liikmemaksu ning muid makseid;<br \/>\n8.3.3. osa v\u00f5tma \u00dchistu tegevusest;<br \/>\n8.3.4. mitte kahjustama \u00dchistu huve ja\/v\u00f5i mainet;<br \/>\n8.3.5. hoidma \u00dchistu \u00e4risaladust.<\/p>\n<p>9. \u00dcHISTU \u00dcLDKOOSOLEK<\/p>\n<p>9.1. \u00dchistu k\u00f5rgeim organ on \u00fcldkoosolek.<br \/>\n9.2. \u00dcldkoosoleku p\u00e4devusse kuulub:<br \/>\n9.2.1. p\u00f5hikirja muutmine.<br \/>\n9.2.2. \u00dchistu \u00fchinemise, jagunemise ja l\u00f5petamise otsustamine.<br \/>\n9.2.3. majandusaasta aruande kinnitamine ja kasumi v\u00f5i kahjumi jaotamine, kapitalide moodustamine;<br \/>\n9.2.4. revidendi v\u00f5i audiitori valimine ja tagasikutsumine;<br \/>\n9.2.5. n\u00f5ukogu liikmega tehingu tegemise otsustamine, tehingu tingimuste m\u00e4\u00e4ramine, \u00f5igusvaidluse pidamise otsustamine ning selles tehingus v\u00f5i vaidluses \u00dchistu esindaja m\u00e4\u00e4ramine;<br \/>\n9.2.6. liikmetele lisakohustuste m\u00e4\u00e4ramine; liikmetele v\u00f5ib lisakohustusi m\u00e4\u00e4rata \u00fcksnes tingimusel, et otsuse vastuv\u00f5tmise poolt on v\u00e4hemalt 2\/3 \u00fcldkoosolekul osalenud v\u00f5i esindatud liikmetest;<br \/>\n9.3. \u00dcldkoosolekul v\u00f5ivad osaleda k\u00f5ik \u00dchistu liikmed.<br \/>\n9.4. \u00dcldkoosolekud on korralised ja erakorralised.<br \/>\n9.5. Korraline \u00fcldkoosolek toimub \u00fcks kord aastas.<br \/>\n9.6. Erakorralise \u00fcldkoosoleku kutsub juhatus kokku oma \u00e4ran\u00e4gemise j\u00e4rgi v\u00f5i v\u00e4hemalt 1\/10 \u00dchistu liikmete, n\u00f5ukogu, revidendi v\u00f5i audiitori n\u00f5udel.<br \/>\n9.7. Erakorralise \u00fcldkoosoleku kokkukutsumise n\u00f5ue tuleb esitada juhatusele kirjalikult, n\u00e4idates \u00e4ra kokkukutsumise p\u00f5hjuse. Juhatus peab \u00fcldkoosoleku kokku kutsuma 30 (kolmek\u00fcmne) p\u00e4eva jooksul arvates n\u00f5ude saamisest. Kui juhatus ei kutsu \u00fcldkoosolekut eelnevalt nimetatud aja jooksul kokku, v\u00f5ivad n\u00f5ude esitanud \u00dchistu liikmed, n\u00f5ukogu, revident v\u00f5i audiitor koosoleku ise kokku kutsuda.<br \/>\n9.8. \u00dcldkoosoleku kokkukutsumisest tuleb ette teatada v\u00e4hemalt 1 (\u00fcks) kuu enne koosoleku toimumist. Teates tuleb n\u00e4idata \u00fcldkoosoleku l\u00e4biviimise aeg, koht ja p\u00e4evakord, samuti muud koosolekuga seonduvalt t\u00e4htsust omavad asjaolud.<br \/>\n9.9. Igal \u00dchistu liikmel on \u00fcks h\u00e4\u00e4l. \u00dcldkoosolekul v\u00f5ib \u00dchistu liiget esindada teine isik, kellele on antud kirjalik volikiri. \u00dcks isik saab esindada maksimaalselt 10 (k\u00fcmmet) \u00dchistu liiget.<br \/>\n9.10. \u00dcldkoosolek v\u00f5ib vastu v\u00f5tta otsuseid, kui kohal v\u00f5i esindatud on \u00fcle poole \u00dchistu liikmetest. Kui \u00fcldkoosolekul ei ole kohal v\u00f5i esindatud n\u00f5utav arv liikmeid, kutsub juhatus 3 (kolme) n\u00e4dala jooksul, kuid mitte varem kui 7 (seitsme) p\u00e4eva p\u00e4rast, kokku uue koosoleku sama p\u00e4evakorraga. Uus \u00fcldkoosolek on p\u00e4dev vastu v\u00f5tma otsuseid, s\u00f5ltumata koosolekul viibivate v\u00f5i esindatud liikmete arvust.<br \/>\n9.11. \u00dcldkoosoleku otsus on vastu v\u00f5etud, kui selle poolt h\u00e4\u00e4letab \u00fcle poole \u00fcldkoosolekul osalenud v\u00f5i esindatud \u00dchistu liikmetest, v\u00e4lja arvatud juhul, kui seaduse v\u00f5i p\u00f5hikirjaga on ette n\u00e4htud suurema h\u00e4\u00e4lteenamuse n\u00f5ue. Otsus \u00dchistu p\u00f5hikirja muutmise, \u00dchistu \u00fchinemise ja jagunemise kohta on vastu v\u00f5etud, kui selle poolt h\u00e4\u00e4letas v\u00e4hemalt 2\/3 \u00fcldkoosolekul osalenud v\u00f5i esindatud \u00dchistu liikmetest.<br \/>\n9.12. \u00dcldkoosolek protokollitakse ja protokollile kirjutavad alla koosoleku juhataja ja protokollija.<\/p>\n<p>10. \u00dcHISTU N\u00d5UKOGU<\/p>\n<p>10.1. \u00dchistul on n\u00f5ukogu. N\u00f5ukogus on 3 (kolm) kuni 7 (seitse) liiget.<br \/>\n10.2. N\u00f5ukogu liikmed valib ja kutsub tagasi \u00fcldkoosolek. N\u00f5ukogu liige valitakse 5 (viieks) aastaks.<br \/>\n10.3. N\u00f5ukogu liikmed valivad endi hulgast esimehe, kes korraldab n\u00f5ukogu tegevust.<br \/>\n10.4. N\u00f5ukogu p\u00e4devusse kuulub:<br \/>\n10.4.1. juhatuse liikmete valimine ja tagasikutsumine;<br \/>\n10.4.2. juhatuse esimehe m\u00e4\u00e4ramine;<br \/>\n10.4.3. prokuristi nimetamine ja tagasikutsumine;<br \/>\n10.4.4. \u00dchistu aastaeelarve kinnitamine;<br \/>\n10.4.5. n\u00f5usoleku andmine juhatusele tehingute, mis v\u00e4ljuvad \u00dchistu igap\u00e4evase majandustegevuse raamest, tegemiseks;<br \/>\n10.4.6. liikmeks vastuv\u00f5tmisest keeldumise ja liikme v\u00e4ljaarvamise otsuste peale esitatud kaebuste lahendamine;<br \/>\n10.4.7. \u00dchistu teiste \u00fchingute v\u00f5i liitude v\u00f5i organisatsioonide liikmeks astumise ja v\u00e4ljaastumise otsustamine;<br \/>\n10.4.8. muude k\u00fcsimuste otsustamine, mis ei kuulu \u00fcldkoosoleku p\u00e4devusse.<br \/>\n10.5. N\u00f5ukogu annab juhatusele korraldusi \u00dchistu juhtimise korraldamisel. N\u00f5ukogu n\u00f5usolek on vajalik \u00dchistu nimel tehingute tegemiseks, mis v\u00e4ljuvad igap\u00e4evase majandustegevuse raamest, eelk\u00f5ige tehingute tegemiseks, millega kaasneb:<br \/>\n10.5.1. investeeringute tegemine, mis \u00fcletavad selleks majandusaastaks etten\u00e4htud kulutuste summa;<br \/>\n10.5.2. kinnisasjade ja registrisse kantud vallasasjade v\u00f5\u00f5randamine ja koormamine;<br \/>\n10.5.3. laenude ja v\u00f5lakohustuste v\u00f5tmine, mis \u00fcletavad selleks majandusaastaks etten\u00e4htud summa;<br \/>\n10.5.4. laenude andmine ja v\u00f5lakohustuste tagamine, kui see v\u00e4ljub igap\u00e4evase majandustegevuse raamest.<br \/>\n10.6. Lisaks p\u00f5hikirja punktis 11.5. nimetatud tehingutele v\u00f5ib n\u00f5ukogu oma otsusega kehtestada t\u00e4iendava loetelu tehingutest, mille tegemiseks \u00dchistu nimel on vajalik n\u00f5ukogu n\u00f5usolek.<br \/>\n10.7. N\u00f5ukogu koosolekud toimuvad vastavalt vajadusele, kuid mitte harvem kui 1 (\u00fcks) kord 4 (nelja) kuu jooksul.<br \/>\n10.8. N\u00f5ukogu koosolek on otsustusv\u00f5imeline, kui sellest v\u00f5tavad osa v\u00e4hemalt pooled n\u00f5ukogu liikmed. N\u00f5ukogu otsus on vastu v\u00f5etud, kui selle poolt h\u00e4\u00e4letas \u00fcle poole koosolekul osalenud n\u00f5ukogu liikmetest. H\u00e4\u00e4lte v\u00f5rdsel jagunemisel on otsustav n\u00f5ukogu esimehe h\u00e4\u00e4l.<br \/>\n10.9. N\u00f5ukogul on \u00f5igus otsuseid vastu v\u00f5tta koosolekut kokku kutsumata seaduses s\u00e4testatud korras, kui sellega on n\u00f5us k\u00f5ik n\u00f5ukogu liikmed.<\/p>\n<p>11. \u00dcHISTU JUHATUS<\/p>\n<p>11.1. Juhatus on \u00fchistu juhtimisorgan, mis koosneb 3 (kolmest) kuni 5 (viiest) liikmest.<br \/>\n11.2. Juhatuse liikmed valib ja kutsub tagasi n\u00f5ukogu. Juhatuse liige valitakse 5 (viieks) aastaks.<br \/>\n11.3. Juhatuse p\u00e4devusse kuulub:<br \/>\n11.3.1. \u00dchistu esindamine ja juhtimine;<br \/>\n11.3.2. liikmete vastuv\u00f5tmise ja v\u00e4ljaarvamise otsustamine;<br \/>\n11.3.3. liikmete nimekirja pidamine;<br \/>\n11.3.4. \u00dchistu majandusaasta aruande ja eelarve koostamine ning selle esitamine n\u00f5ukogule kinnitamiseks;<br \/>\n11.3.5. \u00dchistu vara ja rahaliste vahendite kasutamise kontrollimine ja raamatupidamise korraldamine;<br \/>\n11.3.6. \u00dchistu nimel lepingute s\u00f5lmimine;<br \/>\n11.3.7. \u00dcldkoosoleku kokkukutsumine;<br \/>\n11.3.8. muude seadusest v\u00f5i p\u00f5hikirjast tulenevate v\u00f5i \u00fcldkoosoleku v\u00f5i n\u00f5ukogu otsusega etten\u00e4htud \u00fclesannete t\u00e4itmine.<br \/>\n11.4. \u00dchistut v\u00f5ib k\u00f5igis \u00f5igustoimingutes esindada iga juhatuse liige.<br \/>\n11.5. Oma tegevuses peab juhatus kinni pidama \u00dchistu p\u00f5hikirjast ning \u00fcldkoosoleku ja n\u00f5ukogu otsustest. Tehinguid, mis v\u00e4ljuvad igap\u00e4evase majandustegevuse raamest, v\u00f5ib juhatus teha \u00fcksnes n\u00f5ukogu n\u00f5usolekul.<br \/>\n11.6. Juhatus peab koosolekuid vastavalt vajadusele. Juhatuse koosolek on otsustusv\u00f5imeline, kui sellest v\u00f5tavad osa v\u00e4hemalt pooled juhatuse liikmed. Juhatuse otsused v\u00f5etakse vastu kohalolijate lihth\u00e4\u00e4lteenamusega. H\u00e4\u00e4lte v\u00f5rdsel jagunemisel on otsustav juhatuse esimehe h\u00e4\u00e4l.<\/p>\n<p>12. REVIDENT JA AUDIITOR<\/p>\n<p>12.1. \u00dcldkoosolek peab j\u00e4relevalve teostamisel \u00dchistu tegevuse \u00fcle m\u00e4\u00e4rama revidendi v\u00f5i audiitorkontrolli. Revidentide v\u00f5i audiitorite arvu m\u00e4\u00e4rab ja revidendi v\u00f5i audiitori nimetab \u00fcldkoosolek, kes m\u00e4\u00e4rab ka revidendi v\u00f5i audiitori tasustamise korra. \u00dcldkoosolekul on \u00f5igus m\u00e4\u00e4rata revident v\u00f5i audiitor \u00fcheks majandusaastaks v\u00f5i kindlaks t\u00e4htajaks, kuid mitte pikemaks ajaks kui kolmeks majandusaastaks.<br \/>\n12.2. Juhatus tagab revidendi ja audiitori juurdep\u00e4\u00e4su \u00dchistu dokumentatsioonile ja raamatupidamisele.<\/p>\n<p>13. \u00dcHISTU L\u00d5PETAMINE<\/p>\n<p>13.1. \u00dchistu l\u00f5petamine toimub tulundus\u00fchistuseaduses s\u00e4testatud alustel ja korras.<br \/>\n13.2. L\u00f5petamisotsus on vastu v\u00f5etud, kui selle poolt h\u00e4\u00e4letab v\u00e4hemalt 3\/4 \u00fcldkoosolekul osalenud v\u00f5i esindatud \u00dchistu liikmetest<br \/>\n13.3. P\u00e4rast v\u00f5lausaldajate k\u00f5igi n\u00f5uete rahuldamist v\u00f5i tagamist ja vajalikku hoiustamist, tagastatakse liikmetele nende tasutud osamaksud. Vara, mis j\u00e4\u00e4b alles p\u00e4rast osamaksude tagastamist, jaotatakse liikmete vahel likvideerijate poolt koostatud vara jaotusplaani kohaselt vastavalt \u00fcldkoosoleku otsusele.<br \/>\n13.4. P\u00e4rast likvideerimise l\u00f5ppemist esitavad likvideerijad avalduse \u00dchistu kustutamiseks \u00e4riregistrist.<\/p>\n<p>&nbsp;<\/p>\n<p><a href=\"https:\/\/pysimetsayhistu.ee\/?page_id=552\">Core Values&gt;&gt;&gt;<\/a><\/p>\n<p><a href=\"https:\/\/pysimetsayhistu.ee\/?page_id=538\">^back to home^<\/a><\/p>\n","protected":false},"excerpt":{"rendered":"<p>This is Eesti P\u00fcsimetsa\u00fchistu&#8217;s initial constitution. Eesti P\u00fcsimetsa\u00fchistu on tulundus\u00fchistu, mille tegevuspiirkonnaks on Eesti Vabariik ning \u00fchistu \u00fchendab Eesti P\u00fcsimetsa\u00fchistu alusv\u00e4\u00e4rtustest l\u00e4htuvaid [&hellip;]<\/p>\n","protected":false},"author":2,"featured_media":0,"parent":538,"menu_order":950,"comment_status":"closed","ping_status":"closed","template":"page-templates\/page_fullwidth.php","meta":{"footnotes":""},"class_list":["post-547","page","type-page","status-publish","hentry"],"_links":{"self":[{"href":"https:\/\/pysimetsayhistu.ee\/index.php?rest_route=\/wp\/v2\/pages\/547","targetHints":{"allow":["GET"]}}],"collection":[{"href":"https:\/\/pysimetsayhistu.ee\/index.php?rest_route=\/wp\/v2\/pages"}],"about":[{"href":"https:\/\/pysimetsayhistu.ee\/index.php?rest_route=\/wp\/v2\/types\/page"}],"author":[{"embeddable":true,"href":"https:\/\/pysimetsayhistu.ee\/index.php?rest_route=\/wp\/v2\/users\/2"}],"replies":[{"embeddable":true,"href":"https:\/\/pysimetsayhistu.ee\/index.php?rest_route=%2Fwp%2Fv2%2Fcomments&post=547"}],"version-history":[{"count":6,"href":"https:\/\/pysimetsayhistu.ee\/index.php?rest_route=\/wp\/v2\/pages\/547\/revisions"}],"predecessor-version":[{"id":566,"href":"https:\/\/pysimetsayhistu.ee\/index.php?rest_route=\/wp\/v2\/pages\/547\/revisions\/566"}],"up":[{"embeddable":true,"href":"https:\/\/pysimetsayhistu.ee\/index.php?rest_route=\/wp\/v2\/pages\/538"}],"wp:attachment":[{"href":"https:\/\/pysimetsayhistu.ee\/index.php?rest_route=%2Fwp%2Fv2%2Fmedia&parent=547"}],"curies":[{"name":"wp","href":"https:\/\/api.w.org\/{rel}","templated":true}]}}