{"id":875,"date":"2018-10-09T20:47:43","date_gmt":"2018-10-09T17:47:43","guid":{"rendered":"https:\/\/pysimetsayhistu.ee\/?page_id=875"},"modified":"2025-02-10T01:21:36","modified_gmt":"2025-02-09T23:21:36","slug":"registreerumine-pusimetsamajandamise-oppepaevale","status":"publish","type":"page","link":"https:\/\/pysimetsayhistu.ee\/?page_id=875","title":{"rendered":"\u00d5ppep\u00e4evad"},"content":{"rendered":"\t\t<div data-elementor-type=\"wp-page\" data-elementor-id=\"875\" class=\"elementor elementor-875\">\n\t\t\t\t\t\t<section class=\"elementor-section elementor-top-section elementor-element elementor-element-de64912 elementor-section-boxed elementor-section-height-default elementor-section-height-default\" data-id=\"de64912\" data-element_type=\"section\">\n\t\t\t\t\t\t<div class=\"elementor-container elementor-column-gap-default\">\n\t\t\t\t\t<div class=\"elementor-column elementor-col-100 elementor-top-column elementor-element elementor-element-13b3fca\" data-id=\"13b3fca\" data-element_type=\"column\">\n\t\t\t<div class=\"elementor-widget-wrap elementor-element-populated\">\n\t\t\t\t\t\t<div class=\"elementor-element elementor-element-2d6ac80 elementor-widget elementor-widget-text-editor\" data-id=\"2d6ac80\" data-element_type=\"widget\" data-widget_type=\"text-editor.default\">\n\t\t\t\t<div class=\"elementor-widget-container\">\n\t\t\t\t\t\t\t\t\t<h2><strong>Sissejuhatus p\u00fcsimetsandusse, 12 aprillil Aegviidus<\/strong><\/h2>\t\t\t\t\t\t\t\t<\/div>\n\t\t\t\t<\/div>\n\t\t\t\t\t<\/div>\n\t\t<\/div>\n\t\t\t\t\t<\/div>\n\t\t<\/section>\n\t\t\t\t<section class=\"elementor-section elementor-top-section elementor-element elementor-element-40b289f elementor-section-boxed elementor-section-height-default elementor-section-height-default\" data-id=\"40b289f\" data-element_type=\"section\">\n\t\t\t\t\t\t<div class=\"elementor-container elementor-column-gap-default\">\n\t\t\t\t\t<div class=\"elementor-column elementor-col-100 elementor-top-column elementor-element elementor-element-4b9f396\" data-id=\"4b9f396\" data-element_type=\"column\">\n\t\t\t<div class=\"elementor-widget-wrap elementor-element-populated\">\n\t\t\t\t\t\t<div class=\"elementor-element elementor-element-02ad6cc elementor-widget elementor-widget-image\" data-id=\"02ad6cc\" data-element_type=\"widget\" data-widget_type=\"image.default\">\n\t\t\t\t<div class=\"elementor-widget-container\">\n\t\t\t\t\t\t\t\t\t\t\t\t\t\t\t<img fetchpriority=\"high\" decoding=\"async\" width=\"1024\" height=\"536\" src=\"https:\/\/pysimetsayhistu.ee\/wp-content\/uploads\/R_Kuuba_12_aprill-1024x536.jpg\" class=\"attachment-large size-large wp-image-1077\" alt=\"\" srcset=\"https:\/\/pysimetsayhistu.ee\/wp-content\/uploads\/R_Kuuba_12_aprill-1024x536.jpg 1024w, https:\/\/pysimetsayhistu.ee\/wp-content\/uploads\/R_Kuuba_12_aprill-300x157.jpg 300w, https:\/\/pysimetsayhistu.ee\/wp-content\/uploads\/R_Kuuba_12_aprill-768x402.jpg 768w, https:\/\/pysimetsayhistu.ee\/wp-content\/uploads\/R_Kuuba_12_aprill-1536x804.jpg 1536w, https:\/\/pysimetsayhistu.ee\/wp-content\/uploads\/R_Kuuba_12_aprill-2048x1072.jpg 2048w, https:\/\/pysimetsayhistu.ee\/wp-content\/uploads\/R_Kuuba_12_aprill-50x26.jpg 50w, https:\/\/pysimetsayhistu.ee\/wp-content\/uploads\/R_Kuuba_12_aprill-1000x523.jpg 1000w, https:\/\/pysimetsayhistu.ee\/wp-content\/uploads\/R_Kuuba_12_aprill-230x120.jpg 230w, https:\/\/pysimetsayhistu.ee\/wp-content\/uploads\/R_Kuuba_12_aprill-350x183.jpg 350w, https:\/\/pysimetsayhistu.ee\/wp-content\/uploads\/R_Kuuba_12_aprill-480x251.jpg 480w\" sizes=\"(max-width: 1024px) 100vw, 1024px\" \/>\t\t\t\t\t\t\t\t\t\t\t\t\t\t\t<\/div>\n\t\t\t\t<\/div>\n\t\t\t\t\t<\/div>\n\t\t<\/div>\n\t\t\t\t\t<\/div>\n\t\t<\/section>\n\t\t\t\t<section class=\"elementor-section elementor-top-section elementor-element elementor-element-6dcdc53a elementor-section-boxed elementor-section-height-default elementor-section-height-default\" data-id=\"6dcdc53a\" data-element_type=\"section\">\n\t\t\t\t\t\t<div class=\"elementor-container elementor-column-gap-default\">\n\t\t\t\t\t<div class=\"elementor-column elementor-col-100 elementor-top-column elementor-element elementor-element-572df2cd\" data-id=\"572df2cd\" data-element_type=\"column\">\n\t\t\t<div class=\"elementor-widget-wrap elementor-element-populated\">\n\t\t\t\t\t\t<div class=\"elementor-element elementor-element-57e11ba7 elementor-widget elementor-widget-text-editor\" data-id=\"57e11ba7\" data-element_type=\"widget\" data-widget_type=\"text-editor.default\">\n\t\t\t\t<div class=\"elementor-widget-container\">\n\t\t\t\t\t\t\t\t\t<p>\u201cSissejuhatus p\u00fcsimetsandusse\u201d on esimene \u00f5ppep\u00e4ev pikemast p\u00fcsimetsanduse kursusest, mida korraldavad Eesti P\u00fcsimetsa\u00fchistu, Forestly ja Gaia Akadeemia.<\/p>\n<p><!-- \/wp:paragraph --><!-- wp:paragraph --><\/p>\n<p>\u00d5ppep\u00e4eval alustame algusest: Rainer Kuuba paneb paika terminid ja aitab meil metsa vaadelda nii, et n\u00e4eme metsa muutumist aastak\u00fcmnete jooksul, tema maastikku ja loodusv\u00e4\u00e4rtusi. Lisaks k\u00e4sitleme erinevaid tegevusi metsas, tulu ja kulu ning seda k\u00f5ike selliselt, et mets s\u00e4ilib metsana.<\/p>\n<p><!-- \/wp:paragraph --><!-- wp:paragraph --><\/p>\n<p>TEEMAD<br \/>\u2022 mis on mets?<br \/>\u2022 metsanduse alusm\u00f5isted<br \/>\u2022 erinevad metsad, kasvukohad<br \/>\u2022 metsa majandamine p\u00fcsimetsana<\/p>\n<p><!-- \/wp:paragraph --><!-- wp:paragraph --><\/p>\n<p>Alustame p\u00e4eva Ajaleidja majas, tehes endale selgeks metsanduse ABC, p\u00fcsimetsanduse alused ning kuidas metsa p\u00fcsimetsana n\u00e4ha ja majandada. Seej\u00e4rel teeme praktilise ringk\u00e4igu Aegviidu erinevates metsades.<\/p>\n<p><!-- \/wp:paragraph --><!-- wp:paragraph --><\/p>\n<p><a href=\"https:\/\/fienta.com\/et\/sissejuhatus-pusimetsandusse\" target=\"_blank\" rel=\"noopener\">PILETID SAADAVAL FIENTAST<\/a><\/p>\n<p><!-- \/wp:paragraph --><!-- wp:paragraph --><\/p>\n<p>AJAKAVA (s\u00f5ltub pisut ka ilmast)<br \/>10-11 saabumine, tee, kohv ja suupisted<br \/>11-13 p\u00fcsimetsanduse alustega tutvumine Ajaleidja majas<br \/>13-14 L\u00d5UNA<br \/>14-17 ringk\u00e4ik Aegviidu erinevates metsades ning p\u00e4eva l\u00f5petamine Ajaleidja majas<br \/>17-18 tee, kohv ja suupisted ning lahkumine<\/p>\n<p><!-- \/wp:paragraph --><!-- wp:paragraph --><\/p>\n<p>KOOLITAJA: Rainer Kuuba<br \/>Rainer on \u00fclikooliharidusega metsamees, kes on oma metsa majandanud juba paark\u00fcmmend aastat p\u00fcsimetsanduse v\u00f5tetega ja v\u00e4ikeste lageraietega.<br \/>\u2022 2003. aastal kaitses ta magistrit\u00f6\u00f6 &#8220;Metsade majandamine ja selle m\u00f5ju metsaelustikule&#8221; maastiku\u00f6koloogia ja keskkonnakaitse erialal.<br \/>\u2022 2008. aastal oli ta &#8220;Maastike aineringe muutuvates kliima- ja maakasutuse tingimustes ning selle \u00f6kotehnoloogiline reguleerimine&#8221; uurimust\u00f6\u00f6 kaasautor.<br \/>\u2022 2023. aastal oli ta statilistise valikuuringu &#8220;Eesti metsade alternatiivne hindamine&#8221; projektimeeskonna liige.<\/p>\n<p><!-- \/wp:paragraph --><!-- wp:paragraph --><\/p>\n<p>KORRALDAJAD<br \/>Eesti P\u00fcsimetsa\u00fchistu<br \/>Forestly Eesti<br \/>Gaia Akadeemia<\/p>\n<p><!-- \/wp:paragraph --><!-- wp:paragraph --><\/p>\n<p>TASU<br \/>Varajane registreeruja kuni 28.02:<br \/>\u2022 Tavapilet: 59 \u20ac<br \/>\u2022 Toetajapilet: 79 \u20ac<\/p>\n<p><!-- \/wp:paragraph --><!-- wp:paragraph --><\/p>\n<p>Registreerumine 1.03 &#8211; 11.04:<br \/>\u2022 Tavapilet: 69 \u20ac<br \/>\u2022 Toetajapilet: 89 \u20ac<\/p>\n<p><!-- \/wp:paragraph --><!-- wp:paragraph --><\/p>\n<p>NB! Palume kaasa v\u00f5tta TOIDURAHA 15 \u20ac, mida kogume eraldi lisaks pileti hinnale.<\/p>\n<p><!-- \/wp:paragraph --><!-- wp:paragraph --><\/p>\n<p>ASUKOHT:<br \/>Aegviidu, Ajaleidja Loomemaja (M\u00e4e tn 7, Aegviidu)<\/p>\n<p><!-- \/wp:paragraph --><!-- wp:paragraph --><\/p>\n<p><a href=\"https:\/\/fienta.com\/et\/sissejuhatus-pusimetsandusse\" target=\"_blank\" rel=\"noopener\">OSTA PILET<\/a><\/p>\n<p><!-- \/wp:paragraph --><!-- wp:paragraph --><\/p>\n<p><!-- \/wp:paragraph --><\/p>\t\t\t\t\t\t\t\t<\/div>\n\t\t\t\t<\/div>\n\t\t\t\t\t<\/div>\n\t\t<\/div>\n\t\t\t\t\t<\/div>\n\t\t<\/section>\n\t\t\t\t<\/div>\n\t\t","protected":false},"excerpt":{"rendered":"<p>Sissejuhatus p\u00fcsimetsandusse, 12 aprillil Aegviidus \u201cSissejuhatus p\u00fcsimetsandusse\u201d on esimene \u00f5ppep\u00e4ev pikemast p\u00fcsimetsanduse kursusest, mida korraldavad Eesti P\u00fcsimetsa\u00fchistu, Forestly ja Gaia Akadeemia. \u00d5ppep\u00e4eval [&hellip;]<\/p>\n","protected":false},"author":2,"featured_media":0,"parent":0,"menu_order":999,"comment_status":"closed","ping_status":"closed","template":"","meta":{"footnotes":""},"class_list":["post-875","page","type-page","status-publish","hentry"],"_links":{"self":[{"href":"https:\/\/pysimetsayhistu.ee\/index.php?rest_route=\/wp\/v2\/pages\/875","targetHints":{"allow":["GET"]}}],"collection":[{"href":"https:\/\/pysimetsayhistu.ee\/index.php?rest_route=\/wp\/v2\/pages"}],"about":[{"href":"https:\/\/pysimetsayhistu.ee\/index.php?rest_route=\/wp\/v2\/types\/page"}],"author":[{"embeddable":true,"href":"https:\/\/pysimetsayhistu.ee\/index.php?rest_route=\/wp\/v2\/users\/2"}],"replies":[{"embeddable":true,"href":"https:\/\/pysimetsayhistu.ee\/index.php?rest_route=%2Fwp%2Fv2%2Fcomments&post=875"}],"version-history":[{"count":12,"href":"https:\/\/pysimetsayhistu.ee\/index.php?rest_route=\/wp\/v2\/pages\/875\/revisions"}],"predecessor-version":[{"id":1080,"href":"https:\/\/pysimetsayhistu.ee\/index.php?rest_route=\/wp\/v2\/pages\/875\/revisions\/1080"}],"wp:attachment":[{"href":"https:\/\/pysimetsayhistu.ee\/index.php?rest_route=%2Fwp%2Fv2%2Fmedia&parent=875"}],"curies":[{"name":"wp","href":"https:\/\/api.w.org\/{rel}","templated":true}]}}