{"id":879,"date":"2018-10-24T19:04:43","date_gmt":"2018-10-24T16:04:43","guid":{"rendered":"https:\/\/pysimetsayhistu.ee\/?page_id=879"},"modified":"2021-09-23T10:33:51","modified_gmt":"2021-09-23T07:33:51","slug":"kasulik-info","status":"publish","type":"page","link":"https:\/\/pysimetsayhistu.ee\/?page_id=879","title":{"rendered":"Kasulik info"},"content":{"rendered":"<ul>\n<li>&#8220;<a href=\"https:\/\/forestly.ee\/?page_id=870\">Mis on see probleem, mida lahendame<\/a>&#8221; lehek\u00fclg P\u00fcsimetsafondi Forestly kodulehel<\/li>\n<li><a href=\"https:\/\/www.riigikontroll.ee\/Suhtedavalikkusega\/Pressiteated\/tabid\/168\/ItemId\/567\/amid\/557\/language\/et-EE\/Default.aspx\">Riigikontrolli audit RMK tegevuse kohta<\/a>, Riigikontroll, 14.09.2010<\/li>\n<li><a href=\"https:\/\/arvamus.postimees.ee\/3946035\/tartu-teadlased-keskkonnaministeerium-varjab-mittesaastlikku-metsaraiet\" target=\"_blank\" rel=\"noopener noreferrer\">Tartu teadlased: keskkonnaministeerium varjab mittes\u00e4\u00e4stlikku metsaraiet<\/a>, Asko L\u00f5hmus, Kaie Kriiska, Raul Rosenvald, Postimees 14.12.2014 (rahvap\u00e4rimuses tuntud ka kui &#8220;metsas\u00f5ja&#8221; algatanud artikkel)<\/li>\n<li><a href=\"http:\/\/www.zbi.ee\/talkk\/materjalid\/Eesti%20TA%20LKK%20margukiri%20metsandusest.pdf\">Eesti Teaduste Akadeemia Looduskaitsekomisjoni m\u00e4rgukiri Eesti metsade majandamise j\u00e4tkusuutlikkuse kohta<\/a>, Urmas Tartes, Meelis P\u00e4rtel, Ivar Ojaste, Anneli Paolo, Riina Mertverk, \u00dcllas Ehrlich, Ragne Oja, Rainer Kuuba (zbi.ee, 22.01.2018) ning sellele j\u00e4rgnenud Urmas Tartese <a href=\"http:\/\/www.zbi.ee\/talkk\/materjalid\/LKK%20mets%20vajab%20avatud%20arutelu.pdf\">vastukaja<\/a> (zbi.ee, 07.02.2018)<\/li>\n<li>Metsaekspertide \u00fchisp\u00f6\u00f6rdumine &#8220;<a href=\"https:\/\/arvamus.postimees.ee\/7040727\/vanad-metsamehed-rahahullus-on-vallutanud-metsa-majandamise\" target=\"_blank\" rel=\"noopener noreferrer\">Vanad metsamehed: rahahullus on vallutanud metsa majandamise<\/a>&#8220;, Postimees, 17.08.2020<\/li>\n<\/ul>\n<p><strong>Kasulikku infot leiate:<br \/>\n<\/strong><\/p>\n<ul>\n<li>&#8220;<a href=\"https:\/\/media.voog.com\/0000\/0037\/1265\/files\/Teejuht_pusimetsandusse_2020.pdf\" target=\"_blank\" rel=\"noopener noreferrer\">Teejuht p\u00fcsimetsandusse<\/a>&#8221; e-raamat ja Eestimaa Looduse Fondi <a href=\"https:\/\/elfond.ee\/metsaomanikule\/pusimetsandus\" target=\"_blank\" rel=\"noopener noreferrer\">P\u00fcsimetanduse teemaline koduleht<\/a><\/li>\n<li><a href=\"http:\/\/elfond.ee\/metsaomanikule\/\" target=\"_blank\" rel=\"noopener noreferrer\">metsaomanikule.ee<\/a> (ELF-i poolt kokkukogutud info Looduss\u00f5braliku metsamajandamise kohta)<\/li>\n<li>UT ja EMU uuring <a href=\"https:\/\/media.rmk.ee\/files\/Nutikas_elurikkuse_kaitse_lopparuanne_taiendatud.pdf\">elurikkuse hindamiseks Eesti loodus- ja majandusmetsades<\/a> (M.P\u00e4rtel, H.Tullus, A.Helm, T.Randlane) ja uuringu k\u00e4igus valminud <a href=\"https:\/\/shiny.botany.ut.ee\/rohemeeter\/\" target=\"_blank\" rel=\"noopener\">elurikkuse kaardirakendus<\/a>, mis arvutab <span class=\"_3oh- _58nk\">elurikkuse potentsiaali <\/span><span class=\"_3oh- _58nk\">(selle p\u00f5hjal, kui kui palju on kaardi keskkohast 2 km raadiuses vana metsa 1940date metsakaardite p\u00f5hjal).<\/span><\/li>\n<li>Tartu \u00dclikooli \u00f6koloogia ja maateaduste instituudi teadlaste poolt v\u00e4ljat\u00f6\u00f6taud <a href=\"https:\/\/rohemeeter.ee\/\" target=\"_blank\" rel=\"noopener noreferrer\">Rohemeeter<\/a>, mis m\u00f5\u00f5dab Eesti maapiirkondade ja linnamaastike tuge sealsetele \u00f6kos\u00fcsteemidele iseloomulikule elurikkusele.<\/li>\n<li>Eha Metsalliku artikkel &#8220;<a href=\"https:\/\/pysimetsayhistu.ee\/wp-content\/uploads\/Meetaimed_metsas-Eha_Metsallik-Sinu_Mets_2020_04.pdf\" target=\"_blank\" rel=\"noopener\">\u00c4rge majandage oma metsi meetaimedest t\u00fchjaks!<\/a>&#8221; (Sinu Mets 2020\/04).<\/li>\n<li>Selgrootutele- ja kahepaiksetele sobivate elupaikkade loomise juhend: &#8220;<a href=\"https:\/\/pysimetsayhistu.ee\/wp-content\/uploads\/Leevendusveekogude_rajamine_metsaaladele_juhend.pdf\" target=\"_blank\" rel=\"noopener noreferrer\">Leevendusveekogude rajamine metsaaladele kraavitamise m\u00f5jude leevendamiseks<\/a>&#8220;, M.Vaikre, R.Rannap, L.Remm, E.Soomets, Tartu \u00dclikool 2019<\/li>\n<li><a href=\"http:\/\/forum-synergies.eu\/bdf_motcle-dossier-2_en.html\" target=\"_blank\" rel=\"noopener noreferrer\">Forum-Synergies.eu<\/a> (Forum Synergies viis oktoorbis 2018 l\u00e4bi rahvusvahelise s\u00e4\u00e4stva metsanduse t\u00f6\u00f6toa Eestis. Ka p\u00fcsimetsa\u00fchistu osales sellel. Sellelt lingilt leiate nende poolt \u00fcle Euroopa kokkukogutud s\u00e4\u00e4stva metsanduse materjalid.)<\/li>\n<li><a href=\"https:\/\/butterfly-conservation.org\/our-work\" target=\"_blank\" rel=\"noopener noreferrer\">Butterfly Conservation<\/a> (\u00dchendkuningriigis tegutsev organisatsioon, kes uurib elurikkust p\u00fcsimetsas. Nende poolt l\u00e4biviidud uuringuga, mille k\u00e4igus nad soovisid tuvastada seost liblikate esinemissageduse ja elukohat\u00fc\u00fcbi loodusrikkuse vahel saate tutvuda<a href=\"https:\/\/www.dropbox.com\/s\/a2p4byn4hh42963\/CCF_and_Lepidoptera.pptx?dl=0\" target=\"_blank\" rel=\"noopener noreferrer\"> siit&gt;&gt;<\/a>.)<\/li>\n<li><a href=\"https:\/\/www.forestry.gov.uk\/PDF\/FCIN029.pdf\/$FILE\/FCIN029.pdf\" target=\"_blank\" rel=\"noopener noreferrer\">forestry.gov.uk<\/a> (\u00dchendkuningriikide Metsanduskomisjoni \u00f5ppematerjal p\u00fcsimestsamajandamise kohta.)<\/li>\n<li><a href=\"https:\/\/www.forestresearch.gov.uk\/research\/continuous-cover-silviculture\/\" target=\"_blank\" rel=\"noopener noreferrer\">forestresearch.gov.uk<\/a> (\u00dchendkuningriikide Metsauuringute Keskuse materjal p\u00fcsimetsamajandamise kohta).<\/li>\n<li><a href=\"https:\/\/www.ccfg.org.uk\/resources\/\" target=\"_blank\" rel=\"noopener noreferrer\">ccfg.org.uk<\/a> (\u00dchendkuningriikide P\u00fcsimetsamajandamise Grupi kasuliku info lehek\u00fclg)<\/li>\n<li><a href=\"https:\/\/www.maainfo.ee\/\" target=\"_blank\" rel=\"noopener noreferrer\">Maaeluv\u00f5rgustik<\/a> &#8211; (P\u00f5llumajandusuuringute keskuse leht maainfo.ee)<\/li>\n<li><a href=\"https:\/\/www.eramets.ee\/kasulik-ja-huvitav\/raamatud-ja-trukised\/\" target=\"_blank\" rel=\"noopener noreferrer\">erametsakeskus.ee<\/a> (Erametsakeskuse poolt v\u00e4ljaselekteeritud raamatud, tr\u00fckised ja muu kasulik info<\/li>\n<li><a href=\"https:\/\/hiitemaja.maps.arcgis.com\/apps\/webappviewer\/index.html?id=db7d4fe754d245b9ac53f6d9a76e229e\" target=\"_blank\" rel=\"noopener\">Looduslike p\u00fchapaikkade kaart<\/a><\/li>\n<li><a href=\"https:\/\/pysimetsayhistu.ee\/wp-content\/uploads\/Turberaie_valikraie_ja_kujundusraie_koondaruanne.pdf\" target=\"_blank\" rel=\"noopener\">Valikraie ja kujundusraie juhend<\/a>, Hardi Tullus, Eesti Maa\u00fclikool 2014 (KIK-i poolt rahastatud RMK projekt).<\/li>\n<li><a href=\"https:\/\/pysimetsayhistu.ee\/wp-content\/uploads\/V22riselupaiga_tunnusliigid-KKM__m36_lisa6.pdf\" target=\"_blank\" rel=\"noopener\">V\u00e4\u00e4riselupaiga tunnusliigid<\/a>, V\u00e4\u00e4riselupaiga klassifikaator, Keskkonnaministri 13.09.2017 m\u00e4\u00e4ruse nr. 36 lisa 6.<\/li>\n<li>&#8230;<\/li>\n<\/ul>\n<p><strong>P\u00fcsimetsamajandamisest meedias ja mujal:<\/strong><\/p>\n<ul>\n<li><a href=\"https:\/\/pysimetsayhistu.ee\/wp-content\/uploads\/ToivoMeikar-Turberaiete_musterala_S6merpalu_metskonnas-Mets_3-2013.pdf\" target=\"_blank\" rel=\"noopener noreferrer\">Turberaiete musterala S\u00f5merpalu metskonnas<\/a>, Mets 3 \/ 2013, T. Meikar<\/li>\n<li><a href=\"https:\/\/www.youtube.com\/watch?v=h4qdKuRWPqg\" target=\"_blank\" rel=\"noopener noreferrer\">Hardi Tullus, Kuidas raiuda metsa?<\/a>, Riigimets, YouTube 27.11.2015<\/li>\n<li><a href=\"https:\/\/etv.err.ee\/917483\/osoon\">Osoon, osa 966<\/a>, mai 2019<\/li>\n<li><a href=\"https:\/\/vikerraadio.err.ee\/1053850\/rohesauts-pusimetsandus\" target=\"_blank\" rel=\"noopener noreferrer\">Rohes\u00e4uts. P\u00fcsimetsandus<\/a>, Vikerraadio, 21.11.2019<\/li>\n<li><a href=\"https:\/\/maaleht.delfi.ee\/maamajandus\/hardi-tullus-ma-ei-eita-pusimetsandust-aga-totaalse-ulemineku-suhtes-olen-vaga-skeptiline?id=88314973\" target=\"_blank\" rel=\"noopener noreferrer\">Hardi Tullus: ma ei eita p\u00fcsimetsandust, aga totaalse \u00fclemineku suhtes olen v\u00e4ga skeptiline<\/a>, Maaleht,\u00a0 Mari Kartau, 11.12.2019<\/li>\n<li><a href=\"https:\/\/www.metsamajandusuudised.ee\/uudised\/2020\/01\/21\/turberaiega-uuendatud-mets-kasvab-vorreldes-lageraiejargsega-aeglasemalt\" target=\"_blank\" rel=\"noopener noreferrer\">Turberaiega uuendatud mets kasvab v\u00f5rreldes lageraiej\u00e4rgsega aeglasemalt<\/a>, Metsamajandusuudised, 21.01.2020<\/li>\n<\/ul>\n<p><strong>Metsast, elurikkusest ja keskkonnakaitsest:<\/strong><\/p>\n<ul>\n<li><a href=\"https:\/\/arileht.delfi.ee\/artikkel\/51099946\/rmk-tagandatud-juht-ulo-viilup-poliitikud-vaanasid-mulle-ara\" target=\"_blank\" rel=\"noopener\">RMK tagandatud juht \u00dclo Viilup: poliitikud v\u00e4\u00e4nasid mulle \u00e4ra<\/a>, Andres Eilart, \u00c4rileht, 06.09.2007<\/li>\n<li><a href=\"https:\/\/leht.postimees.ee\/4209499\/riik-votab-kaitse-alla-tuhandeid-hektareid-lageraielanke\" target=\"_blank\" rel=\"noopener\">Riik v\u00f5tab kaitse alla tuhandeid hektareid lageraielanke<\/a>, Nils Niitra, Postimees, 13.08.2017<\/li>\n<li><a href=\"http:\/\/mi.emu.ee\/userfiles\/instituudid\/mi\/MI\/FSMU\/2017\/67\/FSMU%2067_03.pdf\">Metsade majandamise ja puidu kasutamise viiside m\u00f5ju s\u00fcsiniku sidumisele, kliima-muutusele ning elurikkusele<\/a>, Raul Rosenvald, Katrin Rosenvald, Eesti Maa\u00fclikool, 15.11.2017<\/li>\n<li><a href=\"https:\/\/etv.err.ee\/921136\/looduskaitsebioloog-lageraiele-on-usna-raske-leida-okoloogilisi-pohjendusi\" target=\"_blank\" rel=\"noopener noreferrer\">Looduskaitsebioloog: lageraiele on \u00fcsna raske leida \u00f6koloogilisi p\u00f5hjendusi<\/a>, Liina Remm, ETV, 18.03.2019<\/li>\n<li><a href=\"https:\/\/vikerraadio.err.ee\/936375\/metsaraadio-olukorrast-looduses\/951154\" target=\"_blank\" rel=\"noopener noreferrer\">Metsaraadio. Olukorrast looduses<\/a> (Anneli Palo, Lennart Lennuk) Vikerraadio, Ingrid Peek, 18.05.2019<\/li>\n<li><a href=\"https:\/\/leht.postimees.ee\/6793456\/kaido-kama-vanadel-metsavaledel-on-pikad-jalad\" target=\"_blank\" rel=\"noopener noreferrer\">Vanadel metsavaledel on pikad jalad<\/a>, Kaido Kama, Postimees, 4.10.2019<\/li>\n<li><a href=\"https:\/\/sirp.ee\/s1-artiklid\/c21-teadus\/metsapoleemika-kolmandal-aastal-ronisid-kollid-kapist-valja\/\" target=\"_blank\" rel=\"noopener noreferrer\">Metsapoleemika kolmandal aastal ronisid kollid kapist v\u00e4lja<\/a>, Asko L\u00f5hmus, Sirp, 30.08.2019<\/li>\n<li>\n<div><a href=\"https:\/\/etv.err.ee\/991942\/vaariselupaigad\" target=\"_blank\" rel=\"noopener noreferrer\">Osoon: V\u00e4\u00e4riselupaigad<\/a>, Anneli Palo, ETV, 14.10.2019<\/div>\n<\/li>\n<li><a href=\"https:\/\/www.err.ee\/1028635\/osooni-video-kose-metsakoosolek\" target=\"_blank\" rel=\"noopener noreferrer\">&#8220;Osooni&#8221; video: Kose metsakoosolek<\/a>, ETV, 27.01.2020 ja selle juurde Aurum Tili poolt kirjutatud <a href=\"https:\/\/skyfuneral.wordpress.com\/2020\/01\/29\/lihtsa-kodaniku-kommentaar-27-01-2020-eetris-olnud-osooni-saatele\/\" target=\"_blank\" rel=\"noopener noreferrer\">Lihtsa kodaniku seletav s\u00f5naraamat 27.01.2020 eetris olnud Osooni saatele (Kose metsas\u00f5da)<\/a>, skyfuneral.wordpress.com blogi, 29.01.2020<\/li>\n<li><a href=\"https:\/\/www.err.ee\/1031505\/suud-puhtaks-kas-looduskaitse-suudab-loodust-kaitsta\" target=\"_blank\" rel=\"noopener noreferrer\">&#8220;Suud puhtaks&#8221;: kas looduskaitse suudab loodust kaitsta?<\/a>, ETV 04.02.2020<\/li>\n<li>\u00d6\u00f6\u00fclikool, Kalevi Kull ja \u00f6koloog Asko L\u00f5hmus &#8220;<a href=\"https:\/\/vikerraadio.err.ee\/1129114\/ooulikool-kalevi-kull-ja-okoloog-asko-lohmus-puude-taga-on-okosusteem\" target=\"_blank\" rel=\"noopener\">Puude taga on \u00f6kos\u00fcsteem<\/a>&#8220;, Vikerraadio, 12.09.2020<\/li>\n<li>&#8220;<a href=\"https:\/\/sirp.ee\/s1-artiklid\/c21-teadus\/metsapoleemika-neljas-aasta-aeg-raakida-riigist\/\" target=\"_blank\" rel=\"noopener noreferrer\">Metsapoleemika neljas aastas: aeg r\u00e4\u00e4kida riigist<\/a>&#8220;, Asko L\u00f5hmus, Sirp 04.09.2020<\/li>\n<li><a href=\"http:\/\/eestimetsaabiks.emaliikumine.ee\/index.php\/an-overview-of-estonian-forestry-in-recent-times-1962-2019\/\" target=\"_blank\" rel=\"noopener noreferrer\">A recent history of estonian forests and their reflections, 1900-2020<\/a>, Martin Luiga, Eesti Metsa Abiks, emaliikumine.ee, 2020<\/li>\n<li>&#8220;<a href=\"https:\/\/levila.ee\/raadio\/metsaulemate-kadunud-maailm\" target=\"_blank\" rel=\"noopener\">Metsa\u00fclemate kadunud maailm<\/a>&#8220;, Eero Epner, Erik Tikan, T\u00f5nis Tootsen, M\u00e4rt Avandi, Levila, m\u00e4rts 2021<\/li>\n<li>&#8230;<\/li>\n<\/ul>\n<p>Noppeid meediast <a href=\"https:\/\/ee.fsc.org\/ee-ee\/fsc\/eesti-fsc\" target=\"_blank\" rel=\"noopener noreferrer\">FSC sertifikaadi<\/a> teemadel:<\/p>\n<ul>\n<li>&#8220;<a href=\"https:\/\/meieeesti.postimees.ee\/6432657\/fsc-saastva-metsanduse-tunnusmark\" target=\"_blank\" rel=\"noopener noreferrer\">FSC \u2013 s\u00e4\u00e4stva metsanduse tunnusm\u00e4rk<\/a>&#8220;, Meie Eesti, Kaido Kama<\/li>\n<li>&#8220;<a href=\"http:\/\/elfond.ee\/mets\/mis-seis-vaariselupaikadega-eestis-siiski-on\" target=\"_blank\" rel=\"noopener noreferrer\">Mis seis v\u00e4\u00e4riselupaikadega Eestis siiski on?<\/a>&#8220;, ELF-i metsabloki, Liis Kuresoo<\/li>\n<li>&#8220;<a href=\"https:\/\/maaelu.postimees.ee\/4016539\/fsc-labipaistvalt-metsast-tarbijani\" target=\"_blank\" rel=\"noopener noreferrer\">FSC \u2013 l\u00e4bipaistvalt metsast tarbijani<\/a>&#8220;, Maaelu, Indrek Talpsep<\/li>\n<li>&#8220;<a href=\"https:\/\/meieeesti.postimees.ee\/6421022\/indrek-talpsep-kuidas-uletada-huviruhmade-vastasseis-metsanduses\" target=\"_blank\" rel=\"noopener noreferrer\">Indrek Talpsep: kuidas \u00fcletada huvir\u00fchmade vastasseis metsanduses?<\/a>&#8220;, Meie Eesi, Indrek Talpsep<\/li>\n<li>&#8220;<a href=\"https:\/\/fsc-watch.com\/2018\/10\/18\/new-documentary-slams-fsc-the-eco-label-could-not-slow-down-the-forest-industry\/\" target=\"_blank\" rel=\"noopener noreferrer\">New documentary slams FSC: The eco-label could not slow down the forest industry<\/a>&#8220;, fsc-watch.com<\/li>\n<li>&#8220;<a href=\"https:\/\/www.greenpeace.org\/international\/publication\/7583\/fsc-case-studies\/\" target=\"_blank\" rel=\"noopener noreferrer\">FSC Case Studies<\/a>&#8220;, Greenpeace (kaasuste lingid on seal katki, kuid otsimootori abiga leiate need issue.com lehtelelt \u00fcles)<\/li>\n<li>&#8220;<a href=\"http:\/\/www.bioone.org\/doi\/abs\/10.1505\/ifor.9.3.759\" target=\"_blank\" rel=\"noopener noreferrer\">Can Forest Certification Improve Forest Management? Case Study of the FSC Certified Estonian State Forest Management Centre<\/a>&#8220;, bioone.com, H. Hain ja R. Ahas<\/li>\n<\/ul>\n<ul>\n<li>&#8230;<\/li>\n<\/ul>\n<p>See nimekiri t\u00e4ieneb pidevalt.<\/p>\n<p><a class=\"mb-button mb-style-glass mb-size-default mb-corners-default mb-text-style-default \" style=\"background-color: #08a229;\" href=\"https:\/\/pysimetsayhistu.ee\/?page_id=228\">\u00a0<i class=\"fa fa-user\"><\/i>\u00a0 LIITUN<\/a><\/p>\n<p><a href=\"https:\/\/pysimetsayhistu.ee\/\"><img decoding=\"async\" class=\"alignleft wp-image-246\" src=\"https:\/\/pysimetsayhistu.ee\/wp-content\/uploads\/pysimetsayhistu-roheline_cropped_vaike.png\" alt=\"\" width=\"115\" height=\"57\" \/><\/a><\/p>\n","protected":false},"excerpt":{"rendered":"<p>&#8220;Mis on see probleem, mida lahendame&#8221; lehek\u00fclg P\u00fcsimetsafondi Forestly kodulehel Riigikontrolli audit RMK tegevuse kohta, Riigikontroll, 14.09.2010 Tartu teadlased: keskkonnaministeerium varjab mittes\u00e4\u00e4stlikku [&hellip;]<\/p>\n","protected":false},"author":2,"featured_media":0,"parent":12,"menu_order":250,"comment_status":"closed","ping_status":"closed","template":"","meta":{"footnotes":""},"class_list":["post-879","page","type-page","status-publish","hentry"],"_links":{"self":[{"href":"https:\/\/pysimetsayhistu.ee\/index.php?rest_route=\/wp\/v2\/pages\/879","targetHints":{"allow":["GET"]}}],"collection":[{"href":"https:\/\/pysimetsayhistu.ee\/index.php?rest_route=\/wp\/v2\/pages"}],"about":[{"href":"https:\/\/pysimetsayhistu.ee\/index.php?rest_route=\/wp\/v2\/types\/page"}],"author":[{"embeddable":true,"href":"https:\/\/pysimetsayhistu.ee\/index.php?rest_route=\/wp\/v2\/users\/2"}],"replies":[{"embeddable":true,"href":"https:\/\/pysimetsayhistu.ee\/index.php?rest_route=%2Fwp%2Fv2%2Fcomments&post=879"}],"version-history":[{"count":35,"href":"https:\/\/pysimetsayhistu.ee\/index.php?rest_route=\/wp\/v2\/pages\/879\/revisions"}],"predecessor-version":[{"id":1050,"href":"https:\/\/pysimetsayhistu.ee\/index.php?rest_route=\/wp\/v2\/pages\/879\/revisions\/1050"}],"up":[{"embeddable":true,"href":"https:\/\/pysimetsayhistu.ee\/index.php?rest_route=\/wp\/v2\/pages\/12"}],"wp:attachment":[{"href":"https:\/\/pysimetsayhistu.ee\/index.php?rest_route=%2Fwp%2Fv2%2Fmedia&parent=879"}],"curies":[{"name":"wp","href":"https:\/\/api.w.org\/{rel}","templated":true}]}}